{"id":616,"date":"2026-02-11T09:40:58","date_gmt":"2026-02-11T12:40:58","guid":{"rendered":"https:\/\/arai.la\/?page_id=616"},"modified":"2026-03-19T11:17:58","modified_gmt":"2026-03-19T14:17:58","slug":"arai-stratus-ed1","status":"publish","type":"page","link":"https:\/\/arai.la\/en\/arai-stratus-ed1\/","title":{"rendered":"Arai Stratus ED1"},"content":{"rendered":"<section class=\"bde-section-616-100 bde-section hero-section\">\n  \n  \n\t\n\n\n\n<div class=\"section-container\"><div class=\"bde-div-616-101 bde-div fake-container\">\n  \n  \n\t\n\n\n\n<div class=\"bde-rich-text-616-104 bde-rich-text breakdance-rich-text-styles\">\n<p><span class=\"brand-blue\">Arai Stratus<\/span> ED1\u00a0<\/p>\n<\/div><div class=\"bde-rich-text-616-126 bde-rich-text breakdance-rich-text-styles\">\n<h1 class=\"h1 translation-block\">Designed for <span class=\"brand-green\">education<\/span>, <br>\n<span class=\"brand-blue\">Optimized<\/span> for the Classroom<\/h1>\n<\/div><img decoding=\"async\" class=\"bde-image2-616-125 bde-image2 lazyload\" data-src=\"https:\/\/arai.la\/wp-content\/uploads\/2025\/10\/clamshell_upscayl_2x_upscayl-standard-4x.png\" data-sizes=\"(max-width: 1600px) 100vw, 1600px\" src=\"data:image\/svg+xml;base64,PHN2ZyB3aWR0aD0iMSIgaGVpZ2h0PSIxIiB4bWxucz0iaHR0cDovL3d3dy53My5vcmcvMjAwMC9zdmciPjwvc3ZnPg==\" style=\"--smush-placeholder-width: 1600px; --smush-placeholder-aspect-ratio: 1600\/1132;\"><div class=\"bde-div-616-127 bde-div\">\n  \n  \n\t\n\n\n\n<div class=\"bde-rich-text-616-128 bde-rich-text breakdance-rich-text-styles\">\n<p class=\"translation-block\">The Arai Stratus ED1 are laptops designed for <span class=\"brand-green semibold\">education<\/span>; they are fast, secure, durable, and feature long-lasting batteries (over 12 hours). They run on ChromeOS, which is optimized for the cloud, Google Workspace for Education, and tools like Classroom. They are ideal for collaborative learning, offering personalized management for schools and enhanced accessibility.<\/p>\n<\/div>\n<\/div>\n<\/div><div class=\"bde-div-616-116 bde-div\">\n  \n  \n\t\n\n\n\n\n<\/div><\/div>\n<\/section><section class=\"bde-section-616-129 bde-section\">\n  \n  \n\t\n\n\n\n<div class=\"section-container\"><div class=\"bde-advanced-tabs-616-130 bde-advanced-tabs\">\n\n\n        \n  \n  \n  <div class=\"bde-tabs__tabslist-container bde-tabs__tabslist-container--scrollable is-horizontal js-tabs-container\">\n    <div class=\"bde-tabs__tabslist bde-tabs__tabslist--tabs js-tablist\" role=\"tablist\" aria-label=\"Content tabs\" aria-orientation=\"horizontal\" data-tabs-id=\"bde-advanced-tabs-616-130\">\n      \n              <button role=\"tab\" aria-selected=\"false\" class=\"bde-tabs__tab js-tab\" aria-controls=\"tab-panel-bde-advanced-tabs-616-130-1\" id=\"tab-bde-advanced-tabs-616-130-1\" data-value=\"1\">\n                    <span class=\"bde-tabs__tab-title\">Features<\/span>\n        <\/button>\n              <button role=\"tab\" aria-selected=\"false\" class=\"bde-tabs__tab js-tab\" aria-controls=\"tab-panel-bde-advanced-tabs-616-130-2\" id=\"tab-bde-advanced-tabs-616-130-2\" data-value=\"2\">\n                    <span class=\"bde-tabs__tab-title\">Technical Specifications<\/span>\n        <\/button>\n              <button role=\"tab\" aria-selected=\"false\" class=\"bde-tabs__tab js-tab\" aria-controls=\"tab-panel-bde-advanced-tabs-616-130-3\" id=\"tab-bde-advanced-tabs-616-130-3\" data-value=\"3\">\n                    <span class=\"bde-tabs__tab-title\">Brochure<\/span>\n        <\/button>\n              <button role=\"tab\" aria-selected=\"false\" class=\"bde-tabs__tab js-tab\" aria-controls=\"tab-panel-bde-advanced-tabs-616-130-4\" id=\"tab-bde-advanced-tabs-616-130-4\" data-value=\"4\">\n                    <span class=\"bde-tabs__tab-title\">Im\u00e1genes HD<\/span>\n        <\/button>\n          <\/div>\n  <\/div>\n\n<div class=\"bde-tabs-content-container\">\n  <div class=\"bde-advanced-tabs-content-616-131 bde-advanced-tabs-content\">\n<div tabindex=\"0\" role=\"tabpanel\" class=\"bde-tabs__panel js-panel\" id=\"\" aria-labelledby=\"\">\n  <div class=\"bde-tabs__panel-content\">\n    <div class=\"bde-columns-616-157 bde-columns\"><div class=\"bde-column-616-158 bde-column\">\n  \n  \n\t\n\n\n\n<img decoding=\"async\" class=\"bde-image2-616-160 bde-image2 lazyload\" data-src=\"https:\/\/arai.la\/wp-content\/uploads\/2026\/01\/MONTAJE1-scaled.jpg\" data-srcset=\"https:\/\/arai.la\/wp-content\/uploads\/2026\/01\/MONTAJE1-scaled.jpg 2560w, https:\/\/arai.la\/wp-content\/uploads\/2026\/01\/MONTAJE1-300x167.jpg 300w, https:\/\/arai.la\/wp-content\/uploads\/2026\/01\/MONTAJE1-1024x572.jpg 1024w, https:\/\/arai.la\/wp-content\/uploads\/2026\/01\/MONTAJE1-768x429.jpg 768w, https:\/\/arai.la\/wp-content\/uploads\/2026\/01\/MONTAJE1-1536x857.jpg 1536w, https:\/\/arai.la\/wp-content\/uploads\/2026\/01\/MONTAJE1-2048x1143.jpg 2048w, https:\/\/arai.la\/wp-content\/uploads\/2026\/01\/MONTAJE1-18x10.jpg 18w\" data-sizes=\"(max-width: 2560px) 100vw, 2560px\" src=\"data:image\/svg+xml;base64,PHN2ZyB3aWR0aD0iMSIgaGVpZ2h0PSIxIiB4bWxucz0iaHR0cDovL3d3dy53My5vcmcvMjAwMC9zdmciPjwvc3ZnPg==\" style=\"--smush-placeholder-width: 2560px; --smush-placeholder-aspect-ratio: 2560\/1429;\">\n<\/div><div class=\"bde-column-616-159 bde-column\">\n  \n  \n\t\n\n\n\n<div class=\"bde-rich-text-616-161 bde-rich-text breakdance-rich-text-styles\">\n<h2 class=\"translation-block\"><span class=\"brand-blue\">Speed from the start<\/span> and forever<\/h2>\n<\/div><div class=\"bde-rich-text-616-162 bde-rich-text breakdance-rich-text-styles\">\n<p>The Arai Stratus ED1 starts up in seconds, is quick to set up, and stays fast throughout its entire lifespan. Powered by ChromeOS technology, they feature built-in virus protection and automatic updates, ensuring you always have the latest features without slowing down.<\/p>\n<\/div>\n<\/div><\/div><div class=\"bde-columns-616-163 bde-columns\"><div class=\"bde-column-616-166 bde-column\">\n  \n  \n\t\n\n\n\n<div class=\"bde-rich-text-616-167 bde-rich-text breakdance-rich-text-styles\">\n\n<h2 class=\"translation-block\"><span class=\"brand-green\">Battery life<\/span> for the entire school day<\/h2>\n<\/div><div class=\"bde-rich-text-616-168 bde-rich-text breakdance-rich-text-styles\">\n<p>You won't need to bring your charger to the classroom; the Arai Stratus ED1 comes with a long-lasting battery so you can study, play, browse, and create throughout the entire school day, lasting between 8 to 10 hours of continuous use without needing to recharge in the middle of class.<\/p>\n\n<\/div>\n<\/div><div class=\"bde-column-616-164 bde-column\">\n  \n  \n\t\n\n\n\n<img decoding=\"async\" class=\"bde-image2-616-195 bde-image2 lazyload\" data-src=\"https:\/\/arai.la\/wp-content\/uploads\/2026\/01\/MONTAJE3-scaled.jpg\" data-srcset=\"https:\/\/arai.la\/wp-content\/uploads\/2026\/01\/MONTAJE3-scaled.jpg 2560w, https:\/\/arai.la\/wp-content\/uploads\/2026\/01\/MONTAJE3-300x167.jpg 300w, https:\/\/arai.la\/wp-content\/uploads\/2026\/01\/MONTAJE3-1024x572.jpg 1024w, https:\/\/arai.la\/wp-content\/uploads\/2026\/01\/MONTAJE3-768x429.jpg 768w, https:\/\/arai.la\/wp-content\/uploads\/2026\/01\/MONTAJE3-1536x857.jpg 1536w, https:\/\/arai.la\/wp-content\/uploads\/2026\/01\/MONTAJE3-2048x1143.jpg 2048w, https:\/\/arai.la\/wp-content\/uploads\/2026\/01\/MONTAJE3-18x10.jpg 18w\" data-sizes=\"(max-width: 2560px) 100vw, 2560px\" src=\"data:image\/svg+xml;base64,PHN2ZyB3aWR0aD0iMSIgaGVpZ2h0PSIxIiB4bWxucz0iaHR0cDovL3d3dy53My5vcmcvMjAwMC9zdmciPjwvc3ZnPg==\" style=\"--smush-placeholder-width: 2560px; --smush-placeholder-aspect-ratio: 2560\/1429;\">\n<\/div><\/div>\n  <\/div>\n<\/div>\n\n<\/div><div class=\"bde-advanced-tabs-content-616-175 bde-advanced-tabs-content\">\n<div tabindex=\"0\" role=\"tabpanel\" class=\"bde-tabs__panel js-panel\" id=\"\" aria-labelledby=\"\">\n  <div class=\"bde-tabs__panel-content\">\n    <div class=\"bde-code-block-616-194 bde-code-block\">\n\n      <style>\n        .specs-table {\n            width: 100%;\n            border-collapse: collapse;\n            \n        }\n        .specs-table th, .specs-table td {\n            padding: 10px;\n            border: 1px solid #ddd;\n            text-align: left;\n        }\n        .specs-table th {\n            background-color: #f2f2f2;\n            color: #13477c;\n            font-weight: 600;\n        }\n        .specs-table td:first-child {\n            color: #13477c;\n            font-weight: 500;\n        }\n        .specs-table tr:nth-child(even) {\n            background-color: #f9f9f9;\n        }\n    <\/style>\n\n\n\n    <table class=\"specs-table\">\n        \n        <tbody>\n            <tr>\n                <td>Carcasa<\/td>\n                <td>A\/C pl\u00e1stico con IMR, B\/D pl\u00e1stico con Textura<\/td>\n            <\/tr>\n            <tr>\n                <td>Processor<\/td>\n                <td>Intel\u00ae N150 Twin Lake<\/td>\n            <\/tr>\n            <tr>\n                <td>Video<\/td>\n                <td>Intel\u00ae UHD Graphics<\/td>\n            <\/tr>\n            <tr>\n                <td>Operating System<\/td>\n                <td>ChromeOS Standar\/CEU (Chrome Education Upgrade Opcional)<\/td>\n            <\/tr>\n            <tr>\n                <td>Display<\/td>\n                <td>12.2\" WUXGA IPS, FHD (1920 x 1080)<\/td>\n            <\/tr>\n            <tr>\n                <td>Memory<\/td>\n                <td>LPDDR5 4GB (integrado)<\/td>\n            <\/tr>\n            <tr>\n                <td>Storage<\/td>\n                <td>eMMC 128GB (integrado)<\/td>\n            <\/tr>\n            <tr>\n                <td>Card Reader<\/td>\n                <td>Micro-SD card reader<\/td>\n            <\/tr>\n            <tr>\n                <td>Camera<\/td>\n                <td>1MP HD, Frontal<\/td>\n            <\/tr>\n            <tr>\n                <td>Indicador LED<\/td>\n                <td>LED Encendido\/Carga<\/td>\n            <\/tr>\n            <tr>\n                <td>Networks<\/td>\n                <td>\n                    <ul>\n                        <li>Intel WiFi 6e - BT 5.3<\/li>                       \n                    <\/ul>\n                <\/td>\n            <\/tr>\n            <tr>\n                <td>Keyboard<\/td>\n                <td>Espa\u00f1ol<\/td>\n            <\/tr>\n            <tr>\n                <td>Panel T\u00e1ctil<\/td>\n                <td>Funciones de Click, Desplazamiento y Gestos<\/td>\n            <\/tr>\n            <tr>\n                <td>Audio<\/td>\n                <td>Altavoces Est\u00e9reo Integrados 2x2W<\/td>\n            <\/tr>\n            <tr>\n                <td>Conectores<\/td>\n                <td>\n                    <ul>\n                        <li>2x USB-C 3.1 Gen1 (con PD, DP)<\/li>\n                        <li>1x USB 3.1 Gen1 Tipo A<\/li>\n                        <li>1x Lector de Tarjetas Micro SD<\/li>\n                        <li>1x Jack de Audio Combinado<\/li>\n                    <\/ul>\n                <\/td>\n            <\/tr>\n            <tr>\n                <td>Battery<\/td>\n                <td>Bater\u00eda de Pol\u00edmero Integrada, Capacidad 41WHr 2S1P<\/td>\n            <\/tr>\n            <tr>\n                <td>Adapter<\/td>\n                <td>45W (Type C)<\/td>\n            <\/tr>\n            <tr>\n                <td>Security<\/td>\n                <td>\n                    <ul>\n                        <li>Chip de Seguridad Google<\/li>\n                        <li>Puerto de bloqueo Kensington\u00ae<\/li>\n                    <\/ul>\n                <\/td>\n            <\/tr>\n        <\/tbody>\n    <\/table>\n\n\n\n\n<\/div>\n  <\/div>\n<\/div>\n\n<\/div><div class=\"bde-advanced-tabs-content-616-197 bde-advanced-tabs-content\">\n<div tabindex=\"0\" role=\"tabpanel\" class=\"bde-tabs__panel js-panel\" id=\"\" aria-labelledby=\"\">\n  <div class=\"bde-tabs__panel-content\">\n    <div class=\"bde-button-616-198 bde-button\">\n    \n                                    \n    \n    \n    \n    \n            \n                    \n            \n            \n\n    \n    \n    \n    \n    \n    <a class=\"breakdance-link button-atom button-atom--custom bde-button__button\" href=\"https:\/\/arai.la\/wp-content\/uploads\/2026\/03\/ARAI-STRATUS-ED1-12.pdf\" target=\"_blank\" data-type=\"url\"  >\n\n    \n        <span class=\"button-atom__text\">Download pdf brochure<\/span>\n\n                            \n        \n                <\/a>\n\n    \n\n\n<\/div>\n  <\/div>\n<\/div>\n\n<\/div><div class=\"bde-advanced-tabs-content-616-199 bde-advanced-tabs-content\">\n<div tabindex=\"0\" role=\"tabpanel\" class=\"bde-tabs__panel js-panel\" id=\"\" aria-labelledby=\"\">\n  <div class=\"bde-tabs__panel-content\">\n    <div class=\"bde-gallery-616-202 bde-gallery\">\n\n\n  \n\n\n\n\n\n\n\n\n\n\n<div class=\"ee-gallery ee-gallery--default ee-gallery--grid ee-gallery--single ee-gallery--lightbox ee-gallery-- ee-gallery--caption- ee-gallery--caption-none ee-gallery--ratio\">\n                  \n      <a class=\"ee-gallery-item ee-gallery-item--image ee-gallery-item--single\" href=\"https:\/\/arai.la\/wp-content\/uploads\/2026\/02\/Arai-Stratus-HiRes-0-scaled.jpg\"  data-sub-html=\"<span><\/span>\" data-category=\"1\"                  data-lg-size=\"2560-2241\"\n\n      >\n        <figure class=\"ee-gallery-item-figure\">\n                        <img decoding=\"async\" class=\"breakdance-image-object lazyload\" data-src=\"https:\/\/arai.la\/wp-content\/uploads\/2026\/02\/Arai-Stratus-HiRes-0-1024x896.jpg\" width=\"1024\" height=\"896\" data-srcset=\"https:\/\/arai.la\/wp-content\/uploads\/2026\/02\/Arai-Stratus-HiRes-0-scaled.jpg 2560w, https:\/\/arai.la\/wp-content\/uploads\/2026\/02\/Arai-Stratus-HiRes-0-300x263.jpg 300w, https:\/\/arai.la\/wp-content\/uploads\/2026\/02\/Arai-Stratus-HiRes-0-1024x896.jpg 1024w, https:\/\/arai.la\/wp-content\/uploads\/2026\/02\/Arai-Stratus-HiRes-0-768x672.jpg 768w, https:\/\/arai.la\/wp-content\/uploads\/2026\/02\/Arai-Stratus-HiRes-0-1536x1345.jpg 1536w, https:\/\/arai.la\/wp-content\/uploads\/2026\/02\/Arai-Stratus-HiRes-0-2048x1793.jpg 2048w, https:\/\/arai.la\/wp-content\/uploads\/2026\/02\/Arai-Stratus-HiRes-0-14x12.jpg 14w\" data-sizes=\"auto, (max-width: 2560px) 100vw, 2560px\" src=\"data:image\/svg+xml;base64,PHN2ZyB3aWR0aD0iMSIgaGVpZ2h0PSIxIiB4bWxucz0iaHR0cDovL3d3dy53My5vcmcvMjAwMC9zdmciPjwvc3ZnPg==\" style=\"--smush-placeholder-width: 1024px; --smush-placeholder-aspect-ratio: 1024\/896;\">\n          \n                  <\/figure>\n      <\/a>\n\n                \n      <a class=\"ee-gallery-item ee-gallery-item--image ee-gallery-item--single\" href=\"https:\/\/arai.la\/wp-content\/uploads\/2026\/02\/Arai-Stratus-HiRes-2-scaled.jpg\"  data-sub-html=\"<span><\/span>\" data-category=\"1\"                  data-lg-size=\"2560-2056\"\n\n      >\n        <figure class=\"ee-gallery-item-figure\">\n                        <img decoding=\"async\" class=\"breakdance-image-object lazyload\" data-src=\"https:\/\/arai.la\/wp-content\/uploads\/2026\/02\/Arai-Stratus-HiRes-2-1024x822.jpg\" width=\"1024\" height=\"822\" data-srcset=\"https:\/\/arai.la\/wp-content\/uploads\/2026\/02\/Arai-Stratus-HiRes-2-scaled.jpg 2560w, https:\/\/arai.la\/wp-content\/uploads\/2026\/02\/Arai-Stratus-HiRes-2-300x241.jpg 300w, https:\/\/arai.la\/wp-content\/uploads\/2026\/02\/Arai-Stratus-HiRes-2-1024x822.jpg 1024w, https:\/\/arai.la\/wp-content\/uploads\/2026\/02\/Arai-Stratus-HiRes-2-768x617.jpg 768w, https:\/\/arai.la\/wp-content\/uploads\/2026\/02\/Arai-Stratus-HiRes-2-1536x1233.jpg 1536w, https:\/\/arai.la\/wp-content\/uploads\/2026\/02\/Arai-Stratus-HiRes-2-2048x1645.jpg 2048w, https:\/\/arai.la\/wp-content\/uploads\/2026\/02\/Arai-Stratus-HiRes-2-15x12.jpg 15w\" data-sizes=\"auto, (max-width: 2560px) 100vw, 2560px\" src=\"data:image\/svg+xml;base64,PHN2ZyB3aWR0aD0iMSIgaGVpZ2h0PSIxIiB4bWxucz0iaHR0cDovL3d3dy53My5vcmcvMjAwMC9zdmciPjwvc3ZnPg==\" style=\"--smush-placeholder-width: 1024px; --smush-placeholder-aspect-ratio: 1024\/822;\">\n          \n                  <\/figure>\n      <\/a>\n\n                \n      <a class=\"ee-gallery-item ee-gallery-item--image ee-gallery-item--single\" href=\"https:\/\/arai.la\/wp-content\/uploads\/2026\/02\/Arai-Stratus-HiRes-3-scaled.jpg\"  data-sub-html=\"<span><\/span>\" data-category=\"1\"                  data-lg-size=\"2560-1935\"\n\n      >\n        <figure class=\"ee-gallery-item-figure\">\n                        <img decoding=\"async\" class=\"breakdance-image-object lazyload\" data-src=\"https:\/\/arai.la\/wp-content\/uploads\/2026\/02\/Arai-Stratus-HiRes-3-1024x774.jpg\" width=\"1024\" height=\"774\" data-srcset=\"https:\/\/arai.la\/wp-content\/uploads\/2026\/02\/Arai-Stratus-HiRes-3-scaled.jpg 2560w, https:\/\/arai.la\/wp-content\/uploads\/2026\/02\/Arai-Stratus-HiRes-3-300x227.jpg 300w, https:\/\/arai.la\/wp-content\/uploads\/2026\/02\/Arai-Stratus-HiRes-3-1024x774.jpg 1024w, https:\/\/arai.la\/wp-content\/uploads\/2026\/02\/Arai-Stratus-HiRes-3-768x581.jpg 768w, https:\/\/arai.la\/wp-content\/uploads\/2026\/02\/Arai-Stratus-HiRes-3-1536x1161.jpg 1536w, https:\/\/arai.la\/wp-content\/uploads\/2026\/02\/Arai-Stratus-HiRes-3-2048x1548.jpg 2048w, https:\/\/arai.la\/wp-content\/uploads\/2026\/02\/Arai-Stratus-HiRes-3-16x12.jpg 16w\" data-sizes=\"auto, (max-width: 2560px) 100vw, 2560px\" src=\"data:image\/svg+xml;base64,PHN2ZyB3aWR0aD0iMSIgaGVpZ2h0PSIxIiB4bWxucz0iaHR0cDovL3d3dy53My5vcmcvMjAwMC9zdmciPjwvc3ZnPg==\" style=\"--smush-placeholder-width: 1024px; --smush-placeholder-aspect-ratio: 1024\/774;\">\n          \n                  <\/figure>\n      <\/a>\n\n                \n      <a class=\"ee-gallery-item ee-gallery-item--image ee-gallery-item--single\" href=\"https:\/\/arai.la\/wp-content\/uploads\/2026\/02\/Arai-Stratus-Touch-HiRes-4-scaled.jpg\"  data-sub-html=\"<span><\/span>\" data-category=\"1\"                  data-lg-size=\"2560-2169\"\n\n      >\n        <figure class=\"ee-gallery-item-figure\">\n                        <img decoding=\"async\" class=\"breakdance-image-object lazyload\" data-src=\"https:\/\/arai.la\/wp-content\/uploads\/2026\/02\/Arai-Stratus-Touch-HiRes-4-1024x868.jpg\" width=\"1024\" height=\"868\" data-srcset=\"https:\/\/arai.la\/wp-content\/uploads\/2026\/02\/Arai-Stratus-Touch-HiRes-4-scaled.jpg 2560w, https:\/\/arai.la\/wp-content\/uploads\/2026\/02\/Arai-Stratus-Touch-HiRes-4-300x254.jpg 300w, https:\/\/arai.la\/wp-content\/uploads\/2026\/02\/Arai-Stratus-Touch-HiRes-4-1024x868.jpg 1024w, https:\/\/arai.la\/wp-content\/uploads\/2026\/02\/Arai-Stratus-Touch-HiRes-4-768x651.jpg 768w, https:\/\/arai.la\/wp-content\/uploads\/2026\/02\/Arai-Stratus-Touch-HiRes-4-1536x1302.jpg 1536w, https:\/\/arai.la\/wp-content\/uploads\/2026\/02\/Arai-Stratus-Touch-HiRes-4-2048x1735.jpg 2048w, https:\/\/arai.la\/wp-content\/uploads\/2026\/02\/Arai-Stratus-Touch-HiRes-4-14x12.jpg 14w\" data-sizes=\"auto, (max-width: 2560px) 100vw, 2560px\" src=\"data:image\/svg+xml;base64,PHN2ZyB3aWR0aD0iMSIgaGVpZ2h0PSIxIiB4bWxucz0iaHR0cDovL3d3dy53My5vcmcvMjAwMC9zdmciPjwvc3ZnPg==\" style=\"--smush-placeholder-width: 1024px; --smush-placeholder-aspect-ratio: 1024\/868;\">\n          \n                  <\/figure>\n      <\/a>\n\n                \n      <a class=\"ee-gallery-item ee-gallery-item--image ee-gallery-item--single\" href=\"https:\/\/arai.la\/wp-content\/uploads\/2026\/02\/Arai-Stratus-Touch-5-scaled.jpg\"  data-sub-html=\"<span><\/span>\" data-category=\"1\"                  data-lg-size=\"2560-1958\"\n\n      >\n        <figure class=\"ee-gallery-item-figure\">\n                        <img decoding=\"async\" class=\"breakdance-image-object lazyload\" data-src=\"https:\/\/arai.la\/wp-content\/uploads\/2026\/02\/Arai-Stratus-Touch-5-1024x783.jpg\" width=\"1024\" height=\"783\" data-srcset=\"https:\/\/arai.la\/wp-content\/uploads\/2026\/02\/Arai-Stratus-Touch-5-scaled.jpg 2560w, https:\/\/arai.la\/wp-content\/uploads\/2026\/02\/Arai-Stratus-Touch-5-300x229.jpg 300w, https:\/\/arai.la\/wp-content\/uploads\/2026\/02\/Arai-Stratus-Touch-5-1024x783.jpg 1024w, https:\/\/arai.la\/wp-content\/uploads\/2026\/02\/Arai-Stratus-Touch-5-768x587.jpg 768w, https:\/\/arai.la\/wp-content\/uploads\/2026\/02\/Arai-Stratus-Touch-5-1536x1175.jpg 1536w, https:\/\/arai.la\/wp-content\/uploads\/2026\/02\/Arai-Stratus-Touch-5-2048x1566.jpg 2048w, https:\/\/arai.la\/wp-content\/uploads\/2026\/02\/Arai-Stratus-Touch-5-16x12.jpg 16w\" data-sizes=\"auto, (max-width: 2560px) 100vw, 2560px\" src=\"data:image\/svg+xml;base64,PHN2ZyB3aWR0aD0iMSIgaGVpZ2h0PSIxIiB4bWxucz0iaHR0cDovL3d3dy53My5vcmcvMjAwMC9zdmciPjwvc3ZnPg==\" style=\"--smush-placeholder-width: 1024px; --smush-placeholder-aspect-ratio: 1024\/783;\">\n          \n                  <\/figure>\n      <\/a>\n\n                \n      <a class=\"ee-gallery-item ee-gallery-item--image ee-gallery-item--single\" href=\"https:\/\/arai.la\/wp-content\/uploads\/2026\/02\/Arai-Stratus-HiRes-6.jpg\"  data-sub-html=\"<span><\/span>\" data-category=\"1\"                  data-lg-size=\"1600-897\"\n\n      >\n        <figure class=\"ee-gallery-item-figure\">\n                        <img decoding=\"async\" class=\"breakdance-image-object lazyload\" data-src=\"https:\/\/arai.la\/wp-content\/uploads\/2026\/02\/Arai-Stratus-HiRes-6-1024x574.jpg\" width=\"1024\" height=\"574\" data-srcset=\"https:\/\/arai.la\/wp-content\/uploads\/2026\/02\/Arai-Stratus-HiRes-6.jpg 1600w, https:\/\/arai.la\/wp-content\/uploads\/2026\/02\/Arai-Stratus-HiRes-6-300x168.jpg 300w, https:\/\/arai.la\/wp-content\/uploads\/2026\/02\/Arai-Stratus-HiRes-6-1024x574.jpg 1024w, https:\/\/arai.la\/wp-content\/uploads\/2026\/02\/Arai-Stratus-HiRes-6-768x431.jpg 768w, https:\/\/arai.la\/wp-content\/uploads\/2026\/02\/Arai-Stratus-HiRes-6-1536x861.jpg 1536w, https:\/\/arai.la\/wp-content\/uploads\/2026\/02\/Arai-Stratus-HiRes-6-18x10.jpg 18w\" data-sizes=\"auto, (max-width: 1600px) 100vw, 1600px\" src=\"data:image\/svg+xml;base64,PHN2ZyB3aWR0aD0iMSIgaGVpZ2h0PSIxIiB4bWxucz0iaHR0cDovL3d3dy53My5vcmcvMjAwMC9zdmciPjwvc3ZnPg==\" style=\"--smush-placeholder-width: 1024px; --smush-placeholder-aspect-ratio: 1024\/574;\">\n          \n                  <\/figure>\n      <\/a>\n\n                \n      <a class=\"ee-gallery-item ee-gallery-item--image ee-gallery-item--single\" href=\"https:\/\/arai.la\/wp-content\/uploads\/2026\/02\/Arai-Stratus-HiRes-1-scaled.jpg\"  data-sub-html=\"<span><\/span>\" data-category=\"1\"                  data-lg-size=\"2560-1949\"\n\n      >\n        <figure class=\"ee-gallery-item-figure\">\n                        <img decoding=\"async\" class=\"breakdance-image-object lazyload\" data-src=\"https:\/\/arai.la\/wp-content\/uploads\/2026\/02\/Arai-Stratus-HiRes-1-1024x780.jpg\" width=\"1024\" height=\"780\" data-srcset=\"https:\/\/arai.la\/wp-content\/uploads\/2026\/02\/Arai-Stratus-HiRes-1-scaled.jpg 2560w, https:\/\/arai.la\/wp-content\/uploads\/2026\/02\/Arai-Stratus-HiRes-1-300x228.jpg 300w, https:\/\/arai.la\/wp-content\/uploads\/2026\/02\/Arai-Stratus-HiRes-1-1024x780.jpg 1024w, https:\/\/arai.la\/wp-content\/uploads\/2026\/02\/Arai-Stratus-HiRes-1-768x585.jpg 768w, https:\/\/arai.la\/wp-content\/uploads\/2026\/02\/Arai-Stratus-HiRes-1-1536x1169.jpg 1536w, https:\/\/arai.la\/wp-content\/uploads\/2026\/02\/Arai-Stratus-HiRes-1-2048x1559.jpg 2048w, https:\/\/arai.la\/wp-content\/uploads\/2026\/02\/Arai-Stratus-HiRes-1-16x12.jpg 16w\" data-sizes=\"auto, (max-width: 2560px) 100vw, 2560px\" src=\"data:image\/svg+xml;base64,PHN2ZyB3aWR0aD0iMSIgaGVpZ2h0PSIxIiB4bWxucz0iaHR0cDovL3d3dy53My5vcmcvMjAwMC9zdmciPjwvc3ZnPg==\" style=\"--smush-placeholder-width: 1024px; --smush-placeholder-aspect-ratio: 1024\/780;\">\n          \n                  <\/figure>\n      <\/a>\n\n        \n  <\/div>\n\n\n\n<\/div>\n  <\/div>\n<\/div>\n\n<\/div>\n<\/div>\n\n\n<\/div><\/div>\n<\/section>","protected":false},"excerpt":{"rendered":"<p>Arai Stratus ED1\u00a0 Dise\u00f1ada para la educaci\u00f3n, Optimizada para el Aula Las Arai Stratus ED1 son laptops dise\u00f1adas para la educaci\u00f3n, son r\u00e1pidas, seguras, resistentes y con bater\u00edas de larga duraci\u00f3n (m\u00e1s de 12 horas). Funcionan con el sistema operativo ChromeOS, optimizado para la nube, Google Workspace for Education y herramientas como Classroom. Son ideales [&hellip;]<\/p>","protected":false},"author":1,"featured_media":0,"parent":0,"menu_order":0,"comment_status":"closed","ping_status":"closed","template":"","meta":{"_breakdance_hide_in_design_set":false,"_breakdance_tags":"","footnotes":""},"class_list":["post-616","page","type-page","status-publish","hentry"],"_links":{"self":[{"href":"https:\/\/arai.la\/en\/wp-json\/wp\/v2\/pages\/616","targetHints":{"allow":["GET"]}}],"collection":[{"href":"https:\/\/arai.la\/en\/wp-json\/wp\/v2\/pages"}],"about":[{"href":"https:\/\/arai.la\/en\/wp-json\/wp\/v2\/types\/page"}],"author":[{"embeddable":true,"href":"https:\/\/arai.la\/en\/wp-json\/wp\/v2\/users\/1"}],"replies":[{"embeddable":true,"href":"https:\/\/arai.la\/en\/wp-json\/wp\/v2\/comments?post=616"}],"version-history":[{"count":7,"href":"https:\/\/arai.la\/en\/wp-json\/wp\/v2\/pages\/616\/revisions"}],"predecessor-version":[{"id":670,"href":"https:\/\/arai.la\/en\/wp-json\/wp\/v2\/pages\/616\/revisions\/670"}],"wp:attachment":[{"href":"https:\/\/arai.la\/en\/wp-json\/wp\/v2\/media?parent=616"}],"curies":[{"name":"wp","href":"https:\/\/api.w.org\/{rel}","templated":true}]}}