{"id":576,"date":"2026-01-26T14:48:24","date_gmt":"2026-01-26T17:48:24","guid":{"rendered":"https:\/\/arai.la\/?page_id=576"},"modified":"2026-01-27T16:24:30","modified_gmt":"2026-01-27T19:24:30","slug":"vueltaaclases","status":"publish","type":"page","link":"https:\/\/arai.la\/en\/vueltaaclases\/","title":{"rendered":"Vuelta a clases"},"content":{"rendered":"<section class=\"bde-section-576-100 bde-section hero-section\">\n  \n  \n\t\n\n\n\n<div class=\"section-container\"><div class=\"bde-code-block-576-302 bde-code-block\">\n\n  <style>\n#chaticons {\n    position: fixed;\n    width: 56px;\n    height: auto;\n    right: 0;\n    bottom: 0;\n    margin: 0 25px 25px 0;\n    overflow: visible;\n    z-index: 999 !important;\n    text-align: center;\n}\n\n#chaticons .chaticon {\n    width: 56px;\n    height: 56px;\n    border-radius: 28px;\n    box-shadow: 3px 3px 10px rgba(0, 0, 0, .20);\n    position: relative;\n    left: 0;\n    bottom: 0;\n    color: #fff;\n    margin-top: 10px;\n}\n\n#chaticons .chaticon a {\n    display: block;\n    padding: 10px;\n    outline: none;\n}\n\n#chaticons .chaticon.ciwhatsapp {\n    background: #47c258;\n}\n<\/style>\n\n<div id=\"chaticons\">\n                   \n               \t\t<div class=\"chaticon ciwhatsapp\">\n                \t\t<a href=\"https:\/\/wa.me\/595982170907?text=Hola,%20me%20interesa%20obtener%20m\u00e1s%20informaci\u00f3n\" target=\"_blank\" title=\"Escribinos al WhatsApp!\" rel=\"noopener\">\n                    \t\t<svg xmlns=\"http:\/\/www.w3.org\/2000\/svg\" xmlns:xlink=\"http:\/\/www.w3.org\/1999\/xlink\" version=\"1.1\" id=\"Capa_1\" x=\"0px\" y=\"0px\" width=\"36px\" height=\"36px\" viewbox=\"0 0 90 90\" style=\"enable-background:new 0 0 90 90;\" xml:space=\"preserve\"><g>\n                            <path id=\"WhatsApp\" d=\"M90,43.841c0,24.213-19.779,43.841-44.182,43.841c-7.747,0-15.025-1.98-21.357-5.455L0,90l7.975-23.522   c-4.023-6.606-6.34-14.354-6.34-22.637C1.635,19.628,21.416,0,45.818,0C70.223,0,90,19.628,90,43.841z M45.818,6.982   c-20.484,0-37.146,16.535-37.146,36.859c0,8.065,2.629,15.534,7.076,21.61L11.107,79.14l14.275-4.537   c5.865,3.851,12.891,6.097,20.437,6.097c20.481,0,37.146-16.533,37.146-36.857S66.301,6.982,45.818,6.982z M68.129,53.938   c-0.273-0.447-0.994-0.717-2.076-1.254c-1.084-0.537-6.41-3.138-7.4-3.495c-0.993-0.358-1.717-0.538-2.438,0.537   c-0.721,1.076-2.797,3.495-3.43,4.212c-0.632,0.719-1.263,0.809-2.347,0.271c-1.082-0.537-4.571-1.673-8.708-5.333   c-3.219-2.848-5.393-6.364-6.025-7.441c-0.631-1.075-0.066-1.656,0.475-2.191c0.488-0.482,1.084-1.255,1.625-1.882   c0.543-0.628,0.723-1.075,1.082-1.793c0.363-0.717,0.182-1.344-0.09-1.883c-0.27-0.537-2.438-5.825-3.34-7.977   c-0.902-2.15-1.803-1.792-2.436-1.792c-0.631,0-1.354-0.09-2.076-0.09c-0.722,0-1.896,0.269-2.889,1.344   c-0.992,1.076-3.789,3.676-3.789,8.963c0,5.288,3.879,10.397,4.422,11.113c0.541,0.716,7.49,11.92,18.5,16.223   C58.2,65.771,58.2,64.336,60.186,64.156c1.984-0.179,6.406-2.599,7.312-5.107C68.398,56.537,68.398,54.386,68.129,53.938z\" fill=\"#FFFFFF\"><\/path>\n                        <\/g><\/svg>\n                \t\t<\/a>\n            \t\t<\/div>\n\t\t\t\t\t\n            \t<\/div>\n\n\n<\/div><div class=\"bde-div-576-101 bde-div\">\n  \n  \n\t\n\n\n\n<div class=\"bde-div-576-250 bde-div\">\n  \n  \n\t\n\n\n\n<div class=\"bde-div-576-253 bde-div\">\n  \n  \n\t\n\n\n\n<h1 class=\"bde-heading-576-251 bde-heading\">\nVuelta a clases con ARAI\n<\/h1><div class=\"bde-text-576-252 bde-text\">\nDise\u00f1ada para el colegio. Simple, r\u00e1pida y segura, con el respaldo de Google.<br>\n<\/div>\n<\/div>\n<\/div>\n<\/div><\/div>\n<\/section><section class=\"bde-section-576-188 bde-section\">\n  \n  \n\t\n\n\n\n<div class=\"section-container\"><div class=\"bde-rich-text-576-261 bde-rich-text breakdance-rich-text-styles\">\n<h2>\u00bfPor qu\u00e9 elegir la Chromebook <span class=\"brand-blue\">Arai?<\/span><\/h2>\n<\/div><div class=\"bde-div-576-189 bde-div latinocard\">\n  \n  \n\t\n\n\n\n<div class=\"bde-columns-576-190 bde-columns\"><div class=\"bde-column-576-191 bde-column\">\n  \n  \n\t\n\n\n\n<div class=\"bde-checkmark-list-576-254 bde-checkmark-list\">\n<ul>\n  \n              \n              \n    <li>\n      <span class='bde-checkmark-list__icon bde-checkmark-list__icon_yes'>\n                  <svg xmlns=\"http:\/\/www.w3.org\/2000\/svg\" viewbox=\"0 0 512 512\"><!--! Font Awesome Free 6.5.1 by @fontawesome - https:\/\/fontawesome.com License - https:\/\/fontawesome.com\/license\/free (Icons: CC BY 4.0, Fonts: SIL OFL 1.1, Code: MIT License) Copyright 2023 Fonticons, Inc. --><path d=\"M256 48a208 208 0 1 1 0 416 208 208 0 1 1 0-416zm0 464A256 256 0 1 0 256 0a256 256 0 1 0 0 512zM369 209c9.4-9.4 9.4-24.6 0-33.9s-24.6-9.4-33.9 0l-111 111-47-47c-9.4-9.4-24.6-9.4-33.9 0s-9.4 24.6 0 33.9l64 64c9.4 9.4 24.6 9.4 33.9 0L369 209z\"\/><\/svg>\n              <\/span>\n      <div >\n        Lista para usar en segundos, sin esperas<br>\n      <\/div>\n\n    <\/li>\n\n  \n              \n              \n    <li>\n      <span class='bde-checkmark-list__icon bde-checkmark-list__icon_yes'>\n                  <svg xmlns=\"http:\/\/www.w3.org\/2000\/svg\" viewbox=\"0 0 512 512\"><!--! Font Awesome Free 6.5.1 by @fontawesome - https:\/\/fontawesome.com License - https:\/\/fontawesome.com\/license\/free (Icons: CC BY 4.0, Fonts: SIL OFL 1.1, Code: MIT License) Copyright 2023 Fonticons, Inc. --><path d=\"M256 48a208 208 0 1 1 0 416 208 208 0 1 1 0-416zm0 464A256 256 0 1 0 256 0a256 256 0 1 0 0 512zM369 209c9.4-9.4 9.4-24.6 0-33.9s-24.6-9.4-33.9 0l-111 111-47-47c-9.4-9.4-24.6-9.4-33.9 0s-9.4 24.6 0 33.9l64 64c9.4 9.4 24.6 9.4 33.9 0L369 209z\"\/><\/svg>\n              <\/span>\n      <div >\n        Inmune a virus por dise\u00f1o.<br> Tranquilidad total para los padres.<br>\n      <\/div>\n\n    <\/li>\n\n  \n              \n              \n    <li>\n      <span class='bde-checkmark-list__icon bde-checkmark-list__icon_yes'>\n                  <svg xmlns=\"http:\/\/www.w3.org\/2000\/svg\" viewbox=\"0 0 512 512\"><!--! Font Awesome Free 6.5.1 by @fontawesome - https:\/\/fontawesome.com License - https:\/\/fontawesome.com\/license\/free (Icons: CC BY 4.0, Fonts: SIL OFL 1.1, Code: MIT License) Copyright 2023 Fonticons, Inc. --><path d=\"M256 48a208 208 0 1 1 0 416 208 208 0 1 1 0-416zm0 464A256 256 0 1 0 256 0a256 256 0 1 0 0 512zM369 209c9.4-9.4 9.4-24.6 0-33.9s-24.6-9.4-33.9 0l-111 111-47-47c-9.4-9.4-24.6-9.4-33.9 0s-9.4 24.6 0 33.9l64 64c9.4 9.4 24.6 9.4 33.9 0L369 209z\"\/><\/svg>\n              <\/span>\n      <div >\n        Hasta 12 horas de autonom\u00eda, se olvida el cargador, no la tarea.<br>\n      <\/div>\n\n    <\/li>\n\n  \n              \n              \n    <li>\n      <span class='bde-checkmark-list__icon bde-checkmark-list__icon_yes'>\n                  <svg xmlns=\"http:\/\/www.w3.org\/2000\/svg\" viewbox=\"0 0 512 512\"><!--! Font Awesome Free 6.5.1 by @fontawesome - https:\/\/fontawesome.com License - https:\/\/fontawesome.com\/license\/free (Icons: CC BY 4.0, Fonts: SIL OFL 1.1, Code: MIT License) Copyright 2023 Fonticons, Inc. --><path d=\"M256 48a208 208 0 1 1 0 416 208 208 0 1 1 0-416zm0 464A256 256 0 1 0 256 0a256 256 0 1 0 0 512zM369 209c9.4-9.4 9.4-24.6 0-33.9s-24.6-9.4-33.9 0l-111 111-47-47c-9.4-9.4-24.6-9.4-33.9 0s-9.4 24.6 0 33.9l64 64c9.4 9.4 24.6 9.4 33.9 0L369 209z\"\/><\/svg>\n              <\/span>\n      <div >\n        Todo se guarda autom\u00e1ticamente, si la laptop se pierde, el trabajo sigue ah\u00ed.<br>\n      <\/div>\n\n    <\/li>\n\n  \n              \n              \n    <li>\n      <span class='bde-checkmark-list__icon bde-checkmark-list__icon_yes'>\n                  <svg xmlns=\"http:\/\/www.w3.org\/2000\/svg\" viewbox=\"0 0 512 512\"><!--! Font Awesome Free 6.5.1 by @fontawesome - https:\/\/fontawesome.com License - https:\/\/fontawesome.com\/license\/free (Icons: CC BY 4.0, Fonts: SIL OFL 1.1, Code: MIT License) Copyright 2023 Fonticons, Inc. --><path d=\"M256 48a208 208 0 1 1 0 416 208 208 0 1 1 0-416zm0 464A256 256 0 1 0 256 0a256 256 0 1 0 0 512zM369 209c9.4-9.4 9.4-24.6 0-33.9s-24.6-9.4-33.9 0l-111 111-47-47c-9.4-9.4-24.6-9.4-33.9 0s-9.4 24.6 0 33.9l64 64c9.4 9.4 24.6 9.4 33.9 0L369 209z\"\/><\/svg>\n              <\/span>\n      <div >\n        Todo el ecosistema de Google integrado nativamente; Inteligencia Artificial, Classroom, Docs, Meet, Drive y mucho m\u00e1s.<br>\n      <\/div>\n\n    <\/li>\n\n  \n              \n              \n    <li>\n      <span class='bde-checkmark-list__icon bde-checkmark-list__icon_yes'>\n                  <svg xmlns=\"http:\/\/www.w3.org\/2000\/svg\" viewbox=\"0 0 512 512\"><!--! Font Awesome Free 6.5.1 by @fontawesome - https:\/\/fontawesome.com License - https:\/\/fontawesome.com\/license\/free (Icons: CC BY 4.0, Fonts: SIL OFL 1.1, Code: MIT License) Copyright 2023 Fonticons, Inc. --><path d=\"M256 48a208 208 0 1 1 0 416 208 208 0 1 1 0-416zm0 464A256 256 0 1 0 256 0a256 256 0 1 0 0 512zM369 209c9.4-9.4 9.4-24.6 0-33.9s-24.6-9.4-33.9 0l-111 111-47-47c-9.4-9.4-24.6-9.4-33.9 0s-9.4 24.6 0 33.9l64 64c9.4 9.4 24.6 9.4 33.9 0L369 209z\"\/><\/svg>\n              <\/span>\n      <div >\n        Garant\u00eda del fabricante y servicio t\u00e9cnico local.<br>\n      <\/div>\n\n    <\/li>\n\n  \n              \n              \n    <li>\n      <span class='bde-checkmark-list__icon bde-checkmark-list__icon_yes'>\n                  <svg xmlns=\"http:\/\/www.w3.org\/2000\/svg\" viewbox=\"0 0 512 512\"><!--! Font Awesome Free 6.5.1 by @fontawesome - https:\/\/fontawesome.com License - https:\/\/fontawesome.com\/license\/free (Icons: CC BY 4.0, Fonts: SIL OFL 1.1, Code: MIT License) Copyright 2023 Fonticons, Inc. --><path d=\"M256 48a208 208 0 1 1 0 416 208 208 0 1 1 0-416zm0 464A256 256 0 1 0 256 0a256 256 0 1 0 0 512zM369 209c9.4-9.4 9.4-24.6 0-33.9s-24.6-9.4-33.9 0l-111 111-47-47c-9.4-9.4-24.6-9.4-33.9 0s-9.4 24.6 0 33.9l64 64c9.4 9.4 24.6 9.4 33.9 0L369 209z\"\/><\/svg>\n              <\/span>\n      <div >\n        M\u00e1s de 50 millones de estudiantes en todo el mundo utilizan una chromebook educativa.<br>\n      <\/div>\n\n    <\/li>\n\n  <\/ul>\n\n<\/div>\n<\/div><div class=\"bde-column-576-192 bde-column\">\n  \n  \n\t\n\n\n\n\n<\/div><\/div>\n<\/div><\/div>\n<\/section><section class=\"bde-section-576-203 bde-section\">\n  \n  \n\t\n\n\n\n<div class=\"section-container\"><div class=\"bde-rich-text-576-248 bde-rich-text breakdance-rich-text-styles\">\n<h2>Informaci\u00f3n adicional:<\/h2>\n<\/div><div class=\"bde-columns-576-255 bde-columns\"><div class=\"bde-column-576-256 bde-column\">\n  \n  \n\t\n\n\n\n<img decoding=\"async\" class=\"bde-image2-576-257 bde-image2 lazyload\" data-src=\"https:\/\/arai.la\/wp-content\/uploads\/2026\/01\/MONTAJE2-scaled.jpg\" data-srcset=\"https:\/\/arai.la\/wp-content\/uploads\/2026\/01\/MONTAJE2-scaled.jpg 2560w, https:\/\/arai.la\/wp-content\/uploads\/2026\/01\/MONTAJE2-300x167.jpg 300w, https:\/\/arai.la\/wp-content\/uploads\/2026\/01\/MONTAJE2-1024x572.jpg 1024w, https:\/\/arai.la\/wp-content\/uploads\/2026\/01\/MONTAJE2-768x429.jpg 768w, https:\/\/arai.la\/wp-content\/uploads\/2026\/01\/MONTAJE2-1536x857.jpg 1536w, https:\/\/arai.la\/wp-content\/uploads\/2026\/01\/MONTAJE2-2048x1143.jpg 2048w, https:\/\/arai.la\/wp-content\/uploads\/2026\/01\/MONTAJE2-18x10.jpg 18w\" data-sizes=\"(max-width: 2560px) 100vw, 2560px\" src=\"data:image\/svg+xml;base64,PHN2ZyB3aWR0aD0iMSIgaGVpZ2h0PSIxIiB4bWxucz0iaHR0cDovL3d3dy53My5vcmcvMjAwMC9zdmciPjwvc3ZnPg==\" style=\"--smush-placeholder-width: 2560px; --smush-placeholder-aspect-ratio: 2560\/1429;\">\n<\/div><div class=\"bde-column-576-258 bde-column\">\n  \n  \n\t\n\n\n\n<div class=\"bde-accordion-576-286 bde-accordion bde-accordion--pills\"><div class=\"bde-accordion__content-wrapper-576-287 bde-accordion__content-wrapper\">\n<h3 class=\"bde-accordion__title-tag\">\n  <button type=\"button\" class=\"bde-accordion__button\" id=\"accordion-button-287\" aria-controls=\"accordion-panel-287\" aria-expanded=\"false\">\n     <span class=\"bde-accordion__title\" >\u00bfNecesito comprar un antivirus?<\/span>\n     <span class=\"bde-accordion__icon bde-accordion__icon--default\"><\/span>\n     <span class=\"bde-accordion__icon bde-accordion__icon--active\"><\/span>\n  <\/button>\n<\/h3>\n\n<div role=\"region\" class=\"bde-accordion__panel\" id=\"accordion-panel-287\" aria-labelledby=\"accordion-button-287\">\n    <div class=\"bde-accordion__panel-content\">\n        <div class=\"bde-text-576-289 bde-text\">\nNo, el sistema operativo de Arai, Chrome OS de Google, se actualiza solo y es inmune a virus tradicionales.<br>\n<\/div>\n    <\/div>\n<\/div>\n\n\n\n<\/div><div class=\"bde-accordion__content-wrapper-576-297 bde-accordion__content-wrapper\">\n<h3 class=\"bde-accordion__title-tag\">\n  <button type=\"button\" class=\"bde-accordion__button\" id=\"accordion-button-297\" aria-controls=\"accordion-panel-297\" aria-expanded=\"false\">\n     <span class=\"bde-accordion__title\" >\u00bfFunciona sin internet?<\/span>\n     <span class=\"bde-accordion__icon bde-accordion__icon--default\"><\/span>\n     <span class=\"bde-accordion__icon bde-accordion__icon--active\"><\/span>\n  <\/button>\n<\/h3>\n\n<div role=\"region\" class=\"bde-accordion__panel\" id=\"accordion-panel-297\" aria-labelledby=\"accordion-button-297\">\n    <div class=\"bde-accordion__panel-content\">\n        <div class=\"bde-text-576-298 bde-text\">\nS\u00ed, puedes editar documentos y ver archivos offline que se sincronizan al volver a conectar.<br>\n<\/div>\n    <\/div>\n<\/div>\n\n\n\n<\/div><div class=\"bde-accordion__content-wrapper-576-299 bde-accordion__content-wrapper\">\n<h3 class=\"bde-accordion__title-tag\">\n  <button type=\"button\" class=\"bde-accordion__button\" id=\"accordion-button-299\" aria-controls=\"accordion-panel-299\" aria-expanded=\"false\">\n     <span class=\"bde-accordion__title\" >\u00bfEs resistente para un ni\u00f1o?<\/span>\n     <span class=\"bde-accordion__icon bde-accordion__icon--default\"><\/span>\n     <span class=\"bde-accordion__icon bde-accordion__icon--active\"><\/span>\n  <\/button>\n<\/h3>\n\n<div role=\"region\" class=\"bde-accordion__panel\" id=\"accordion-panel-299\" aria-labelledby=\"accordion-button-299\">\n    <div class=\"bde-accordion__panel-content\">\n        <div class=\"bde-text-576-300 bde-text\">\nLas Arai est\u00e1n dise\u00f1adas para soportar el traj\u00edn diario de la mochila<br>\n<\/div>\n    <\/div>\n<\/div>\n\n\n\n<\/div>\r\n\r\n<\/div>\n<\/div><\/div><\/div>\n<\/section><section class=\"bde-section-576-239 bde-section\">\n  \n  \n\t\n\n\n\n<div class=\"section-container\"><div class=\"bde-div-576-240 bde-div\">\n  \n  \n\t\n\n\n\n<div class=\"bde-rich-text-576-241 bde-rich-text breakdance-rich-text-styles\">\n<h2 class=\"h1\">\u00bfTienes m\u00e1s preguntas?<\/h2>\n<\/div><div class=\"bde-button-576-301 bde-button\">\n    \n                                    \n    \n    \n    \n    \n            \n                    \n            \n            \n\n    \n    \n    \n    \n    \n    <a class=\"breakdance-link button-atom button-atom--custom bde-button__button\" href=\"https:\/\/wa.me\/595982170907?text=Hola,%20me%20interesa%20obtener%20m\u00e1s%20informaci\u00f3n\" target=\"_blank\" data-type=\"url\" rel=\"noopener\">\n\n    \n        <span class=\"button-atom__text\">Communicate with sales<\/span>\n\n                            \n        \n                <\/a>\n\n    \n\n\n<\/div>\n<\/div><\/div>\n<\/section>","protected":false},"excerpt":{"rendered":"<p>Vuelta a clases con ARAI Dise\u00f1ada para el colegio. Simple, r\u00e1pida y segura, con el respaldo de Google. \u00bfPor qu\u00e9 elegir la Chromebook Arai? Lista para usar en segundos, sin esperas Inmune a virus por dise\u00f1o. Tranquilidad total para los padres. Hasta 12 horas de autonom\u00eda, se olvida el cargador, no la tarea. Todo se [&hellip;]<\/p>","protected":false},"author":1,"featured_media":0,"parent":0,"menu_order":0,"comment_status":"closed","ping_status":"closed","template":"","meta":{"_breakdance_hide_in_design_set":false,"_breakdance_tags":"","footnotes":""},"class_list":["post-576","page","type-page","status-publish","hentry"],"_links":{"self":[{"href":"https:\/\/arai.la\/en\/wp-json\/wp\/v2\/pages\/576","targetHints":{"allow":["GET"]}}],"collection":[{"href":"https:\/\/arai.la\/en\/wp-json\/wp\/v2\/pages"}],"about":[{"href":"https:\/\/arai.la\/en\/wp-json\/wp\/v2\/types\/page"}],"author":[{"embeddable":true,"href":"https:\/\/arai.la\/en\/wp-json\/wp\/v2\/users\/1"}],"replies":[{"embeddable":true,"href":"https:\/\/arai.la\/en\/wp-json\/wp\/v2\/comments?post=576"}],"version-history":[{"count":25,"href":"https:\/\/arai.la\/en\/wp-json\/wp\/v2\/pages\/576\/revisions"}],"predecessor-version":[{"id":610,"href":"https:\/\/arai.la\/en\/wp-json\/wp\/v2\/pages\/576\/revisions\/610"}],"wp:attachment":[{"href":"https:\/\/arai.la\/en\/wp-json\/wp\/v2\/media?parent=576"}],"curies":[{"name":"wp","href":"https:\/\/api.w.org\/{rel}","templated":true}]}}