{"id":312,"date":"2025-10-24T16:49:43","date_gmt":"2025-10-24T14:49:43","guid":{"rendered":"https:\/\/arai.la\/?page_id=312"},"modified":"2025-11-06T20:16:43","modified_gmt":"2025-11-06T19:16:43","slug":"educacion","status":"publish","type":"page","link":"https:\/\/arai.la\/en\/educacion\/","title":{"rendered":"Education"},"content":{"rendered":"<section class=\"bde-section-312-100 bde-section hero-section\">\n  \n  \n\t\n\n\n\n<div class=\"section-container\"><div class=\"bde-div-312-103 bde-div fake-container\">\n  \n  \n\t\n\n\n\n<div class=\"bde-advancedslider-312-105 bde-advancedslider\">\n<div class=\"breakdance-swiper-wrapper\" data-swiper-id=\"105\">\n  <div class=\"swiper\">\n    <div class=\"swiper-wrapper\">\n      <div class=\"bde-advancedslide-312-106 bde-advancedslide swiper-slide\">\n<div class=\"advanced-slider__slide\">\n  <div class=\"bde-rich-text-312-245 bde-rich-text breakdance-rich-text-styles\">\n<p><span class=\"brand-blue\">Arai<\/span> for Education<\/p>\n<\/div><div class=\"bde-rich-text-312-104 bde-rich-text breakdance-rich-text-styles\">\n<h1 class=\"h1\">Arai: learning<span class=\"brand-green\"> unlimited<\/span><\/h1>\n<\/div><img decoding=\"async\" class=\"bde-image2-312-116 bde-image2 lazyload\" data-src=\"https:\/\/arai.la\/wp-content\/uploads\/2025\/10\/educac.png\" data-sizes=\"(max-width: 1138px) 100vw, 1138px\" src=\"data:image\/svg+xml;base64,PHN2ZyB3aWR0aD0iMSIgaGVpZ2h0PSIxIiB4bWxucz0iaHR0cDovL3d3dy53My5vcmcvMjAwMC9zdmciPjwvc3ZnPg==\" style=\"--smush-placeholder-width: 1138px; --smush-placeholder-aspect-ratio: 1138\/534;\"><div class=\"bde-div-312-118 bde-div\">\n  \n  \n\t\n\n\n\n<div class=\"bde-rich-text-312-242 bde-rich-text breakdance-rich-text-styles\">\n<p class=\"translation-block\">More than eighty million educators and students around the world use <span class=\"brand-blue semibold\">Google for Education<\/span> to prepare students with the digital skills of the future. Thanks to its <span class=\"brand-green semibold\">simple design and centralized management<\/span>, it frees educators and administrators from the technology burden, allowing them to focus entirely on education and the future of their students.<\/p>\n<\/div>\n<\/div>\n<\/div>\n<\/div>\n    <\/div>\n  <\/div>\n\n              <div class=\"swiper-button-prev\">\n            \n        <\/div>\n        <div class=\"swiper-button-next\">\n            \n        <\/div>\n    \n            <div class=\"swiper-pagination\"><\/div>\n    \n<\/div>\n\n<\/div>\n<\/div><div class=\"bde-div-312-102 bde-div\">\n  \n  \n\t\n\n\n\n\n<\/div><div class=\"bde-div-312-101 bde-div\">\n  \n  \n\t\n\n\n\n\n<\/div><\/div>\n<\/section><section class=\"bde-section-312-188 bde-section\">\n  \n  \n\t\n\n\n\n<div class=\"section-container\"><div class=\"bde-rich-text-312-248 bde-rich-text breakdance-rich-text-styles\">\n<h2>Why choose <span class=\"brand-blue\">Arai?<\/span><\/h2>\n<\/div><div class=\"bde-div-312-189 bde-div latinocard\">\n  \n  \n\t\n\n\n\n<div class=\"bde-columns-312-190 bde-columns\"><div class=\"bde-column-312-191 bde-column\">\n  \n  \n\t\n\n\n\n<h2 class=\"bde-heading-312-193 bde-heading\">\nDurability and resistance\n<\/h2><div class=\"bde-rich-text-312-194 bde-rich-text breakdance-rich-text-styles\">\n<p>Student life is unpredictable. That's why our Arai Chromebooks are designed to withstand daily student use, including accidental drops, bumps and spills. They are durable and reliable devices, ensuring that your institution's technology investment is protected for longer.<\/p>\n<\/div>\n<\/div><div class=\"bde-column-312-192 bde-column\">\n  \n  \n\t\n\n\n\n\n<\/div><\/div>\n<\/div><\/div>\n<\/section><section class=\"bde-section-312-203 bde-section\">\n  \n  \n\t\n\n\n\n<div class=\"section-container\"><div class=\"bde-columns-312-205 bde-columns\"><div class=\"bde-column-312-206 bde-column\">\n  \n  \n\t\n\n\n\n<div class=\"bde-div-312-208 bde-div\">\n  \n  \n\t\n\n\n\n<img decoding=\"async\" class=\"bde-image2-312-209 bde-image2 lazyload\" data-src=\"https:\/\/arai.la\/wp-content\/uploads\/2025\/10\/versatilidad.png\" data-sizes=\"(max-width: 1069px) 100vw, 1069px\" src=\"data:image\/svg+xml;base64,PHN2ZyB3aWR0aD0iMSIgaGVpZ2h0PSIxIiB4bWxucz0iaHR0cDovL3d3dy53My5vcmcvMjAwMC9zdmciPjwvc3ZnPg==\" style=\"--smush-placeholder-width: 1069px; --smush-placeholder-aspect-ratio: 1069\/310;\"><h4 class=\"bde-heading-312-214 bde-heading\">\nVersatility\n<\/h4><div class=\"bde-text-312-215 bde-text\">\nWe adapt to the needs of each educational institution, offering Chromebooks with various features and complementary solutions, ensuring that students and teachers have the right tools, regardless of the type of project or the level of the class.<br>\n<\/div>\n<\/div>\n<\/div><div class=\"bde-column-312-207 bde-column\">\n  \n  \n\t\n\n\n\n<div class=\"bde-div-312-212 bde-div\">\n  \n  \n\t\n\n\n\n<div class=\"bde-div-312-216 bde-div\">\n  \n  \n\t\n\n\n\n<h4 class=\"bde-heading-312-210 bde-heading\">\nSafe environment\n<\/h4><div class=\"bde-text-312-211 bde-text\">\nOur Arai Chromebooks have built-in security from the Google ecosystem, which automatically protects sensitive information, allowing students and educators to focus on learning and creating without worry.<br>\n<\/div>\n<\/div>\n<\/div><div class=\"bde-div-312-222 bde-div\">\n  \n  \n\t\n\n\n\n<div class=\"bde-div-312-217 bde-div\">\n  \n  \n\t\n\n\n\n\n<\/div><div class=\"bde-div-312-223 bde-div\">\n  \n  \n\t\n\n\n\n\n<\/div>\n<\/div>\n<\/div><\/div><div class=\"bde-columns-312-224 bde-columns\"><div class=\"bde-column-312-230 bde-column\">\n  \n  \n\t\n\n\n\n<div class=\"bde-div-312-231 bde-div\">\n  \n  \n\t\n\n\n\n<div class=\"bde-div-312-233 bde-div\">\n  \n  \n\t\n\n\n\n<h4 class=\"bde-heading-312-234 bde-heading\">\nCollaborative learning\n<\/h4><div class=\"bde-text-312-235 bde-text\">\nIntegration with Google for Education gives students and teachers access to essential tools such as Google Classroom, Drive and Meet. This connection simplifies collaborative learning and allows classes to continue uninterrupted, no matter where they are.<br>\n<\/div>\n<\/div>\n<\/div><div class=\"bde-div-312-236 bde-div\">\n  \n  \n\t\n\n\n\n<div class=\"bde-div-312-237 bde-div\">\n  \n  \n\t\n\n\n\n\n<\/div><div class=\"bde-div-312-238 bde-div\">\n  \n  \n\t\n\n\n\n\n<\/div>\n<\/div>\n<\/div><div class=\"bde-column-312-225 bde-column\">\n  \n  \n\t\n\n\n\n<div class=\"bde-div-312-226 bde-div\">\n  \n  \n\t\n\n\n\n<img decoding=\"async\" class=\"bde-image2-312-227 bde-image2 lazyload\" data-src=\"https:\/\/arai.la\/wp-content\/uploads\/2025\/11\/education.png\" data-srcset=\"https:\/\/arai.la\/wp-content\/uploads\/2025\/11\/education.png 1282w, https:\/\/arai.la\/wp-content\/uploads\/2025\/11\/education-300x179.png 300w, https:\/\/arai.la\/wp-content\/uploads\/2025\/11\/education-1024x612.png 1024w, https:\/\/arai.la\/wp-content\/uploads\/2025\/11\/education-768x459.png 768w, https:\/\/arai.la\/wp-content\/uploads\/2025\/11\/education-18x12.png 18w\" data-sizes=\"(max-width: 1282px) 100vw, 1282px\" src=\"data:image\/svg+xml;base64,PHN2ZyB3aWR0aD0iMSIgaGVpZ2h0PSIxIiB4bWxucz0iaHR0cDovL3d3dy53My5vcmcvMjAwMC9zdmciPjwvc3ZnPg==\" style=\"--smush-placeholder-width: 1282px; --smush-placeholder-aspect-ratio: 1282\/766;\"><h4 class=\"bde-heading-312-228 bde-heading\">\nLicencia Perpetua Integrada\n<\/h4><div class=\"bde-text-312-229 bde-text\">\nWe offer the option to purchase a perpetual Chrome Education Upgrade license so you can manage, configure, and control multiple devices from a single dashboard, ensuring a secure learning environment.\n<\/div>\n<\/div>\n<\/div><\/div><\/div>\n<\/section><section class=\"bde-section-312-239 bde-section\">\n  \n  \n\t\n\n\n\n<div class=\"section-container\"><div class=\"bde-div-312-240 bde-div\">\n  \n  \n\t\n\n\n\n<div class=\"bde-rich-text-312-241 bde-rich-text breakdance-rich-text-styles\">\n<h2 class=\"h1\">Do you need help from <span class=\"brand-blue\">Experts<\/span>?<\/h2>\n<\/div><div class=\"bde-rich-text-312-117 bde-rich-text breakdance-rich-text-styles\">\n<p>You can do a lot with ARAI equipment powered by ChromeOS. Let our sales team help you figure out if it's the right choice for your business.<\/p>\n<\/div><div class=\"bde-button-312-119 bde-button vertical-gradient-hover\">\n    \n                                    \n    \n    \n    \n    \n            \n            <button type=\"button\" class=\"button-atom button-atom--primary bde-button__button\"  >\n    \n        <span class=\"button-atom__text\">Communicate with sales<\/span>\n\n        \n        \n            <\/button>\n    \n\n\n<\/div>\n<\/div><\/div>\n<\/section>","protected":false},"excerpt":{"rendered":"<p>Arai para Educaci\u00f3n Arai: aprendizaje sin l\u00edmites Mas de ochenta millones de educadores y estudiantes de todo el mundo utilizan Google for Education para preparar a los estudiantes con las habilidades digitales del futuro. Gracias a su dise\u00f1o simple y gesti\u00f3n centralizada, libera a los educadores y administradores de la carga tecnol\u00f3gica, permiti\u00e9ndoles enfocarse por [&hellip;]<\/p>","protected":false},"author":1,"featured_media":0,"parent":0,"menu_order":0,"comment_status":"closed","ping_status":"closed","template":"","meta":{"_breakdance_hide_in_design_set":false,"_breakdance_tags":"","footnotes":""},"class_list":["post-312","page","type-page","status-publish","hentry"],"_links":{"self":[{"href":"https:\/\/arai.la\/en\/wp-json\/wp\/v2\/pages\/312","targetHints":{"allow":["GET"]}}],"collection":[{"href":"https:\/\/arai.la\/en\/wp-json\/wp\/v2\/pages"}],"about":[{"href":"https:\/\/arai.la\/en\/wp-json\/wp\/v2\/types\/page"}],"author":[{"embeddable":true,"href":"https:\/\/arai.la\/en\/wp-json\/wp\/v2\/users\/1"}],"replies":[{"embeddable":true,"href":"https:\/\/arai.la\/en\/wp-json\/wp\/v2\/comments?post=312"}],"version-history":[{"count":9,"href":"https:\/\/arai.la\/en\/wp-json\/wp\/v2\/pages\/312\/revisions"}],"predecessor-version":[{"id":468,"href":"https:\/\/arai.la\/en\/wp-json\/wp\/v2\/pages\/312\/revisions\/468"}],"wp:attachment":[{"href":"https:\/\/arai.la\/en\/wp-json\/wp\/v2\/media?parent=312"}],"curies":[{"name":"wp","href":"https:\/\/api.w.org\/{rel}","templated":true}]}}