{"id":300,"date":"2025-10-24T14:47:56","date_gmt":"2025-10-24T12:47:56","guid":{"rendered":"https:\/\/arai.la\/?page_id=300"},"modified":"2026-04-07T16:38:26","modified_gmt":"2026-04-07T19:38:26","slug":"arai-gabinete-de-carga","status":"publish","type":"page","link":"https:\/\/arai.la\/en\/arai-gabinete-de-carga\/","title":{"rendered":"Arai Gabinete de carga"},"content":{"rendered":"<section class=\"bde-section-300-100 bde-section hero-section\">\n  \n  \n\t\n\n\n\n<div class=\"section-container\"><div class=\"bde-div-300-101 bde-div fake-container\">\n  \n  \n\t\n\n\n\n<div class=\"bde-rich-text-300-104 bde-rich-text breakdance-rich-text-styles\">\n<p><span class=\"brand-blue\">Load cabinet<\/span><\/p>\n<\/div><div class=\"bde-rich-text-300-126 bde-rich-text breakdance-rich-text-styles\">\n<h1 class=\"h1 translation-block\">Arai Case: <span class=\"brand-green\">Secure Management<\/span> and <br> <span class=\"brand-blue\">Efficient<\/span> Charging for 40 Chromebooks.<\/h1>\n<\/div><img decoding=\"async\" class=\"bde-image2-300-125 bde-image2 lazyload\" data-src=\"https:\/\/arai.la\/wp-content\/uploads\/2025\/12\/gabinetebig-hd-3.png\" data-srcset=\"https:\/\/arai.la\/wp-content\/uploads\/2025\/12\/gabinetebig-hd-3.png 1270w, https:\/\/arai.la\/wp-content\/uploads\/2025\/12\/gabinetebig-hd-3-300x195.png 300w, https:\/\/arai.la\/wp-content\/uploads\/2025\/12\/gabinetebig-hd-3-1024x664.png 1024w, https:\/\/arai.la\/wp-content\/uploads\/2025\/12\/gabinetebig-hd-3-768x498.png 768w, https:\/\/arai.la\/wp-content\/uploads\/2025\/12\/gabinetebig-hd-3-18x12.png 18w\" data-sizes=\"(max-width: 1270px) 100vw, 1270px\" src=\"data:image\/svg+xml;base64,PHN2ZyB3aWR0aD0iMSIgaGVpZ2h0PSIxIiB4bWxucz0iaHR0cDovL3d3dy53My5vcmcvMjAwMC9zdmciPjwvc3ZnPg==\" style=\"--smush-placeholder-width: 1270px; --smush-placeholder-aspect-ratio: 1270\/824;\"><div class=\"bde-div-300-127 bde-div\">\n  \n  \n\t\n\n\n\n<div class=\"bde-rich-text-300-128 bde-rich-text breakdance-rich-text-styles\">\n<p>Protect your technology investment with our charging cabinet. Not only does it allow you to store and recharge your Chromebooks, but it helps prevent loss, theft or damage, ensuring your devices are always protected and ready to use.<\/p>\n<\/div><div class=\"bde-button-300-201 bde-button vertical-gradient-hover\">\n    \n                                    \n    \n    \n    \n    \n            \n            <button type=\"button\" class=\"button-atom button-atom--primary bde-button__button\"  >\n    \n        <span class=\"button-atom__text\">Ver video<\/span>\n\n        \n        \n            <\/button>\n    \n\n\n<\/div>\n<\/div>\n<\/div><div class=\"bde-div-300-116 bde-div\">\n  \n  \n\t\n\n\n\n\n<\/div><\/div>\n<\/section><section class=\"bde-section-300-202 bde-section\">\n  \n  \n\t\n\n\n\n<div class=\"section-container\"><div class=\"bde-columns-300-203 bde-columns\"><div class=\"bde-column-300-204 bde-column\">\n  \n  \n\t\n\n\n\n<div class=\"bde-rich-text-300-210 bde-rich-text breakdance-rich-text-styles\">\n<p>Protect your technology investment with our charging cabinet. Not only does it allow you to store and recharge your Chromebooks, but it helps prevent loss, theft or damage, ensuring your devices are always protected and ready to use. <span class=\"brand-blue semibold\"><br>\u00a1Mira el video para conocer m\u00e1s!<\/span><\/p>\n<\/div>\n<\/div><div class=\"bde-column-300-207 bde-column\">\n  \n  \n\t\n\n\n\n<a class=\"bde-container-link-300-211 bde-container-link breakdance-link\" href=\"#\" target=\"_self\" data-type=\"action\" data-action=\"{&quot;type&quot;:&quot;popup&quot;,&quot;popupOptions&quot;:{&quot;popupId&quot;:&quot;677&quot;,&quot;popupAction&quot;:&quot;open&quot;}}\">\n  \n  \n\t\n\n\n\n<img decoding=\"async\" class=\"bde-image2-300-209 bde-image2 lazyload\" data-src=\"https:\/\/arai.la\/wp-content\/uploads\/2026\/04\/videoframe2.png\" data-srcset=\"https:\/\/arai.la\/wp-content\/uploads\/2026\/04\/videoframe2.png 1060w, https:\/\/arai.la\/wp-content\/uploads\/2026\/04\/videoframe2-300x164.png 300w, https:\/\/arai.la\/wp-content\/uploads\/2026\/04\/videoframe2-1024x558.png 1024w, https:\/\/arai.la\/wp-content\/uploads\/2026\/04\/videoframe2-768x419.png 768w, https:\/\/arai.la\/wp-content\/uploads\/2026\/04\/videoframe2-18x10.png 18w\" data-sizes=\"(max-width: 1060px) 100vw, 1060px\" src=\"data:image\/svg+xml;base64,PHN2ZyB3aWR0aD0iMSIgaGVpZ2h0PSIxIiB4bWxucz0iaHR0cDovL3d3dy53My5vcmcvMjAwMC9zdmciPjwvc3ZnPg==\" style=\"--smush-placeholder-width: 1060px; --smush-placeholder-aspect-ratio: 1060\/578;\">\n\n<\/a>\n<\/div><\/div><\/div>\n<\/section><section class=\"bde-section-300-129 bde-section\">\n  \n  \n\t\n\n\n\n<div class=\"section-container\"><div class=\"bde-advanced-tabs-300-130 bde-advanced-tabs\">\n\n\n        \n  \n  \n  <div class=\"bde-tabs__tabslist-container bde-tabs__tabslist-container--scrollable is-horizontal js-tabs-container\">\n    <div class=\"bde-tabs__tabslist bde-tabs__tabslist--tabs js-tablist\" role=\"tablist\" aria-label=\"Content tabs\" aria-orientation=\"horizontal\" data-tabs-id=\"bde-advanced-tabs-300-130\">\n      \n              <button role=\"tab\" aria-selected=\"false\" class=\"bde-tabs__tab js-tab\" aria-controls=\"tab-panel-bde-advanced-tabs-300-130-1\" id=\"tab-bde-advanced-tabs-300-130-1\" data-value=\"1\">\n                    <span class=\"bde-tabs__tab-title\">Features<\/span>\n        <\/button>\n              <button role=\"tab\" aria-selected=\"false\" class=\"bde-tabs__tab js-tab\" aria-controls=\"tab-panel-bde-advanced-tabs-300-130-2\" id=\"tab-bde-advanced-tabs-300-130-2\" data-value=\"2\">\n                    <span class=\"bde-tabs__tab-title\">Brochure<\/span>\n        <\/button>\n          <\/div>\n  <\/div>\n\n<div class=\"bde-tabs-content-container\">\n  <div class=\"bde-advanced-tabs-content-300-131 bde-advanced-tabs-content\">\n<div tabindex=\"0\" role=\"tabpanel\" class=\"bde-tabs__panel js-panel\" id=\"\" aria-labelledby=\"\">\n  <div class=\"bde-tabs__panel-content\">\n    <div class=\"bde-columns-300-157 bde-columns\"><div class=\"bde-column-300-158 bde-column\">\n  \n  \n\t\n\n\n\n<img decoding=\"async\" class=\"bde-image2-300-160 bde-image2 lazyload\" data-src=\"https:\/\/arai.la\/wp-content\/uploads\/2025\/10\/f1.jpg\" data-sizes=\"(max-width: 1024px) 100vw, 1024px\" src=\"data:image\/svg+xml;base64,PHN2ZyB3aWR0aD0iMSIgaGVpZ2h0PSIxIiB4bWxucz0iaHR0cDovL3d3dy53My5vcmcvMjAwMC9zdmciPjwvc3ZnPg==\" style=\"--smush-placeholder-width: 1024px; --smush-placeholder-aspect-ratio: 1024\/768;\">\n<\/div><div class=\"bde-column-300-159 bde-column\">\n  \n  \n\t\n\n\n\n<div class=\"bde-rich-text-300-161 bde-rich-text breakdance-rich-text-styles\">\n<h2 class=\"translation-block\"><span class=\"brand-blue\">Large<\/span> storage capacity<\/h2>\n<\/div><div class=\"bde-rich-text-300-162 bde-rich-text breakdance-rich-text-styles\">\n<p>With a capacity for 40 Chromebooks, this cabinet is the solution for storing devices quickly and securely, featuring a locking and closing system, ideal for classrooms or training rooms.<\/p>\n<\/div>\n<\/div><\/div><div class=\"bde-columns-300-163 bde-columns\"><div class=\"bde-column-300-166 bde-column\">\n  \n  \n\t\n\n\n\n<div class=\"bde-rich-text-300-167 bde-rich-text breakdance-rich-text-styles\">\n<h2 class=\"translation-block\">Designed for <span class=\"brand-green\">mobility<\/span> <br> and organization:<\/h2>\n<\/div><div class=\"bde-rich-text-300-168 bde-rich-text breakdance-rich-text-styles\">\n<p>Optimize your physical space and time with this mobile cabinet. Its smart design helps you organize your devices and allows you to add a WiFi\/LTE router for connectivity. The cabinet is made of HPL panels, a durable, fire-retardant, and recyclable material.<\/p>\n<\/div>\n<\/div><div class=\"bde-column-300-164 bde-column\">\n  \n  \n\t\n\n\n\n<img decoding=\"async\" class=\"bde-image2-300-195 bde-image2 lazyload\" data-src=\"https:\/\/arai.la\/wp-content\/uploads\/2025\/11\/gab.jpg\" data-srcset=\"https:\/\/arai.la\/wp-content\/uploads\/2025\/11\/gab.jpg 1152w, https:\/\/arai.la\/wp-content\/uploads\/2025\/11\/gab-300x233.jpg 300w, https:\/\/arai.la\/wp-content\/uploads\/2025\/11\/gab-1024x796.jpg 1024w, https:\/\/arai.la\/wp-content\/uploads\/2025\/11\/gab-768x597.jpg 768w, https:\/\/arai.la\/wp-content\/uploads\/2025\/11\/gab-15x12.jpg 15w\" data-sizes=\"(max-width: 1152px) 100vw, 1152px\" src=\"data:image\/svg+xml;base64,PHN2ZyB3aWR0aD0iMSIgaGVpZ2h0PSIxIiB4bWxucz0iaHR0cDovL3d3dy53My5vcmcvMjAwMC9zdmciPjwvc3ZnPg==\" style=\"--smush-placeholder-width: 1152px; --smush-placeholder-aspect-ratio: 1152\/896;\">\n<\/div><\/div><div class=\"bde-columns-300-169 bde-columns\"><div class=\"bde-column-300-173 bde-column\">\n  \n  \n\t\n\n\n\n<img decoding=\"async\" class=\"bde-image2-300-198 bde-image2 lazyload\" data-src=\"https:\/\/arai.la\/wp-content\/uploads\/2025\/10\/f3.jpg\" data-sizes=\"(max-width: 1024px) 100vw, 1024px\" src=\"data:image\/svg+xml;base64,PHN2ZyB3aWR0aD0iMSIgaGVpZ2h0PSIxIiB4bWxucz0iaHR0cDovL3d3dy53My5vcmcvMjAwMC9zdmciPjwvc3ZnPg==\" style=\"--smush-placeholder-width: 1024px; --smush-placeholder-aspect-ratio: 1024\/768;\">\n<\/div><div class=\"bde-column-300-170 bde-column\">\n  \n  \n\t\n\n\n\n<div class=\"bde-rich-text-300-171 bde-rich-text breakdance-rich-text-styles\">\n<h2 class=\"translation-block\">Global cargo <span class=\"brand-blue\">Versatility<\/span><\/h2>\n<\/div><div class=\"bde-rich-text-300-172 bde-rich-text breakdance-rich-text-styles\">\n<p>The ARAI charging cabinet is compatible with 110V to 240V electrical networks and 50Hz or 60Hz frequencies, making it ideal for any country. It features multiple outlets with space to mount chargers, facilitating simultaneous and efficient charging of all your devices.<\/p>\n<\/div>\n<\/div><\/div>\n  <\/div>\n<\/div>\n\n<\/div><div class=\"bde-advanced-tabs-content-300-175 bde-advanced-tabs-content\">\n<div tabindex=\"0\" role=\"tabpanel\" class=\"bde-tabs__panel js-panel\" id=\"\" aria-labelledby=\"\">\n  <div class=\"bde-tabs__panel-content\">\n    <div class=\"bde-button-300-199 bde-button\">\n    \n                                    \n    \n    \n    \n    \n            \n                    \n            \n            \n\n    \n    \n    \n    \n    \n    <a class=\"breakdance-link button-atom button-atom--custom bde-button__button\" href=\"https:\/\/arai.la\/wp-content\/uploads\/2025\/11\/FOLLETO-GABINETE-DE-RECARGA-ARAI.pdf\" target=\"_blank\" data-type=\"url\"  >\n\n    \n        <span class=\"button-atom__text\">Download pdf brochure<\/span>\n\n                            \n        \n                <\/a>\n\n    \n\n\n<\/div>\n  <\/div>\n<\/div>\n\n<\/div>\n<\/div>\n\n\n<\/div><\/div>\n<\/section>","protected":false},"excerpt":{"rendered":"<p>Gabinete de carga Gabinete Arai: Gesti\u00f3n Segura y Carga Eficiente para 40 Chromebooks. Protege tu inversi\u00f3n tecnol\u00f3gica con nuestro gabinete de carga. No solo te permite almacenar y recargar tus Chromebooks, sino que te ayuda a prevenir p\u00e9rdidas, robos o da\u00f1os, asegurando que tus equipos est\u00e9n siempre protegidos y listos para usar. Ver video Protege [&hellip;]<\/p>","protected":false},"author":1,"featured_media":0,"parent":0,"menu_order":0,"comment_status":"closed","ping_status":"closed","template":"","meta":{"_breakdance_hide_in_design_set":false,"_breakdance_tags":"","footnotes":""},"class_list":["post-300","page","type-page","status-publish","hentry"],"_links":{"self":[{"href":"https:\/\/arai.la\/en\/wp-json\/wp\/v2\/pages\/300","targetHints":{"allow":["GET"]}}],"collection":[{"href":"https:\/\/arai.la\/en\/wp-json\/wp\/v2\/pages"}],"about":[{"href":"https:\/\/arai.la\/en\/wp-json\/wp\/v2\/types\/page"}],"author":[{"embeddable":true,"href":"https:\/\/arai.la\/en\/wp-json\/wp\/v2\/users\/1"}],"replies":[{"embeddable":true,"href":"https:\/\/arai.la\/en\/wp-json\/wp\/v2\/comments?post=300"}],"version-history":[{"count":22,"href":"https:\/\/arai.la\/en\/wp-json\/wp\/v2\/pages\/300\/revisions"}],"predecessor-version":[{"id":705,"href":"https:\/\/arai.la\/en\/wp-json\/wp\/v2\/pages\/300\/revisions\/705"}],"wp:attachment":[{"href":"https:\/\/arai.la\/en\/wp-json\/wp\/v2\/media?parent=300"}],"curies":[{"name":"wp","href":"https:\/\/api.w.org\/{rel}","templated":true}]}}