{"id":278,"date":"2025-10-23T19:50:15","date_gmt":"2025-10-23T17:50:15","guid":{"rendered":"https:\/\/arai.la\/?page_id=278"},"modified":"2026-04-07T16:36:57","modified_gmt":"2026-04-07T19:36:57","slug":"arai-nebula-bx1-chromebox-corporativa","status":"publish","type":"page","link":"https:\/\/arai.la\/en\/arai-nebula-bx1-chromebox-corporativa\/","title":{"rendered":"Arai Nebula BX1 &#8211; Chromebox Corporativa\u00a0"},"content":{"rendered":"<section class=\"bde-section-278-100 bde-section hero-section\">\n  \n  \n\t\n\n\n\n<div class=\"section-container\"><div class=\"bde-div-278-101 bde-div fake-container\">\n  \n  \n\t\n\n\n\n<div class=\"bde-rich-text-278-104 bde-rich-text breakdance-rich-text-styles\">\n<p><span class=\"brand-blue\">Arai Nebula<\/span> BX1 - Corporate Chromebook<\/p>\n<\/div><div class=\"bde-rich-text-278-126 bde-rich-text breakdance-rich-text-styles\">\n<h1 class=\"h1\">Desktop power <span class=\"brand-green\">Compact<\/span>, <br> Discover <span class=\"brand-blue\">Arai Nebula<\/span> BX1 Chromebox.<\/h1>\n<\/div><img decoding=\"async\" class=\"bde-image2-278-125 bde-image2 lazyload\" data-src=\"https:\/\/arai.la\/wp-content\/uploads\/2025\/10\/chromebox-hd-1.png\" data-sizes=\"(max-width: 1270px) 100vw, 1270px\" src=\"data:image\/svg+xml;base64,PHN2ZyB3aWR0aD0iMSIgaGVpZ2h0PSIxIiB4bWxucz0iaHR0cDovL3d3dy53My5vcmcvMjAwMC9zdmciPjwvc3ZnPg==\" style=\"--smush-placeholder-width: 1270px; --smush-placeholder-aspect-ratio: 1270\/824;\"><div class=\"bde-div-278-127 bde-div\">\n  \n  \n\t\n\n\n\n<div class=\"bde-rich-text-278-128 bde-rich-text breakdance-rich-text-styles\">\n<p>Need a powerful yet compact desktop solution? Go to  for more information. <span class=\"brand-blue semibold\">Arai Nebula BX1<\/span> es la respuesta. Con sus componentes internos orientados al rendimiento constante, puede soportar m\u00faltiples monitores, se\u00f1alizaci\u00f3n digital o entornos de escritorio exigentes.<\/p>\n<\/div><div class=\"bde-button-278-201 bde-button vertical-gradient-hover\">\n    \n                                    \n    \n    \n    \n    \n            \n                    \n            \n                           \n                       \n                 \n\n    \n    \n    \n                    \n    \n    <a class=\"breakdance-link button-atom button-atom--primary bde-button__button\" href=\"#\" target=\"_self\" data-type=\"action\"  data-action='{\"type\":\"popup\",\"popupOptions\":{\"popupId\":\"686\",\"popupAction\":\"open\"}}' >\n\n    \n        <span class=\"button-atom__text\">Ver video<\/span>\n\n        \n        \n                <\/a>\n\n    \n\n\n<\/div>\n<\/div>\n<\/div><div class=\"bde-div-278-116 bde-div\">\n  \n  \n\t\n\n\n\n\n<\/div><\/div>\n<\/section><section class=\"bde-section-278-202 bde-section\">\n  \n  \n\t\n\n\n\n<div class=\"section-container\"><div class=\"bde-columns-278-203 bde-columns\"><div class=\"bde-column-278-204 bde-column\">\n  \n  \n\t\n\n\n\n<div class=\"bde-rich-text-278-209 bde-rich-text breakdance-rich-text-styles\">\n<p>Need a powerful yet compact desktop solution? Go to  for more information. <span class=\"brand-blue semibold\">Arai Nebula BX1<\/span> es la respuesta. Con sus componentes internos orientados al rendimiento constante, puede soportar m\u00faltiples monitores, se\u00f1alizaci\u00f3n digital o entornos de escritorio exigentes. <br \/><span class=\"brand-blue semibold\">\u00a1Mira el video para conocer m\u00e1s!<\/span><\/p>\n<\/div>\n<\/div><div class=\"bde-column-278-206 bde-column\">\n  \n  \n\t\n\n\n\n<a class=\"bde-container-link-278-207 bde-container-link breakdance-link\" href=\"#\" target=\"_self\" data-type=\"action\" data-action=\"{&quot;type&quot;:&quot;popup&quot;,&quot;popupOptions&quot;:{&quot;popupId&quot;:&quot;686&quot;,&quot;popupAction&quot;:&quot;open&quot;}}\">\n  \n  \n\t\n\n\n\n<img decoding=\"async\" class=\"bde-image2-278-208 bde-image2 lazyload\" data-src=\"https:\/\/arai.la\/wp-content\/uploads\/2026\/04\/videoframe-1.png\" data-srcset=\"https:\/\/arai.la\/wp-content\/uploads\/2026\/04\/videoframe-1.png 1060w, https:\/\/arai.la\/wp-content\/uploads\/2026\/04\/videoframe-1-300x164.png 300w, https:\/\/arai.la\/wp-content\/uploads\/2026\/04\/videoframe-1-1024x558.png 1024w, https:\/\/arai.la\/wp-content\/uploads\/2026\/04\/videoframe-1-768x419.png 768w, https:\/\/arai.la\/wp-content\/uploads\/2026\/04\/videoframe-1-18x10.png 18w\" data-sizes=\"(max-width: 1060px) 100vw, 1060px\" src=\"data:image\/svg+xml;base64,PHN2ZyB3aWR0aD0iMSIgaGVpZ2h0PSIxIiB4bWxucz0iaHR0cDovL3d3dy53My5vcmcvMjAwMC9zdmciPjwvc3ZnPg==\" style=\"--smush-placeholder-width: 1060px; --smush-placeholder-aspect-ratio: 1060\/578;\">\n\n<\/a>\n<\/div><\/div><\/div>\n<\/section><section class=\"bde-section-278-129 bde-section\">\n  \n  \n\t\n\n\n\n<div class=\"section-container\"><div class=\"bde-advanced-tabs-278-130 bde-advanced-tabs\">\n\n\n        \n  \n  \n  <div class=\"bde-tabs__tabslist-container bde-tabs__tabslist-container--scrollable is-horizontal js-tabs-container\">\n    <div class=\"bde-tabs__tabslist bde-tabs__tabslist--tabs js-tablist\" role=\"tablist\" aria-label=\"Content tabs\" aria-orientation=\"horizontal\" data-tabs-id=\"bde-advanced-tabs-278-130\">\n      \n              <button role=\"tab\" aria-selected=\"false\" class=\"bde-tabs__tab js-tab\" aria-controls=\"tab-panel-bde-advanced-tabs-278-130-1\" id=\"tab-bde-advanced-tabs-278-130-1\" data-value=\"1\">\n                    <span class=\"bde-tabs__tab-title\">Features<\/span>\n        <\/button>\n              <button role=\"tab\" aria-selected=\"false\" class=\"bde-tabs__tab js-tab\" aria-controls=\"tab-panel-bde-advanced-tabs-278-130-2\" id=\"tab-bde-advanced-tabs-278-130-2\" data-value=\"2\">\n                    <span class=\"bde-tabs__tab-title\">Technical Specifications<\/span>\n        <\/button>\n              <button role=\"tab\" aria-selected=\"false\" class=\"bde-tabs__tab js-tab\" aria-controls=\"tab-panel-bde-advanced-tabs-278-130-3\" id=\"tab-bde-advanced-tabs-278-130-3\" data-value=\"3\">\n                    <span class=\"bde-tabs__tab-title\">Brochure<\/span>\n        <\/button>\n          <\/div>\n  <\/div>\n\n<div class=\"bde-tabs-content-container\">\n  <div class=\"bde-advanced-tabs-content-278-131 bde-advanced-tabs-content\">\n<div tabindex=\"0\" role=\"tabpanel\" class=\"bde-tabs__panel js-panel\" id=\"\" aria-labelledby=\"\">\n  <div class=\"bde-tabs__panel-content\">\n    <div class=\"bde-columns-278-157 bde-columns\"><div class=\"bde-column-278-158 bde-column\">\n  \n  \n\t\n\n\n\n<img decoding=\"async\" class=\"bde-image2-278-160 bde-image2 lazyload\" data-src=\"https:\/\/arai.la\/wp-content\/uploads\/2025\/10\/1.png\" data-sizes=\"(max-width: 1248px) 100vw, 1248px\" src=\"data:image\/svg+xml;base64,PHN2ZyB3aWR0aD0iMSIgaGVpZ2h0PSIxIiB4bWxucz0iaHR0cDovL3d3dy53My5vcmcvMjAwMC9zdmciPjwvc3ZnPg==\" style=\"--smush-placeholder-width: 1248px; --smush-placeholder-aspect-ratio: 1248\/832;\">\n<\/div><div class=\"bde-column-278-159 bde-column\">\n  \n  \n\t\n\n\n\n<div class=\"bde-rich-text-278-161 bde-rich-text breakdance-rich-text-styles\">\n<h2><span class=\"brand-blue\">Speed<\/span> that drives your productivity<\/h2>\n<\/div><div class=\"bde-rich-text-278-162 bde-rich-text breakdance-rich-text-styles\">\n<p>Thanks to its Chrome OS operating system, it boots up in seconds and eliminates unnecessary processes. It's the ideal solution for those who need a device that focuses on the essentials: work and internet browsing, without distractions.<\/p>\n<\/div>\n<\/div><\/div><div class=\"bde-columns-278-163 bde-columns\"><div class=\"bde-column-278-166 bde-column\">\n  \n  \n\t\n\n\n\n<div class=\"bde-rich-text-278-167 bde-rich-text breakdance-rich-text-styles\">\n<h2><span class=\"brand-green\">Conexiones <\/span> r\u00e1pidas y estables:<\/h2>\n<\/div><div class=\"bde-rich-text-278-168 bde-rich-text breakdance-rich-text-styles\">\n<p>The wide variety of ports meets all your connectivity needs without the need for adapters, supporting up to two 4K monitors at 60Hz. For a stable internet connection, you can choose between Wi-Fi 6, Bluetooth 5.2, or the Gigabit Ethernet port.\n<\/p>\n<\/div>\n<\/div><div class=\"bde-column-278-164 bde-column\">\n  \n  \n\t\n\n\n\n<img decoding=\"async\" class=\"bde-image2-278-195 bde-image2 lazyload\" data-src=\"https:\/\/arai.la\/wp-content\/uploads\/2025\/10\/2.png\" data-sizes=\"(max-width: 1024px) 100vw, 1024px\" src=\"data:image\/svg+xml;base64,PHN2ZyB3aWR0aD0iMSIgaGVpZ2h0PSIxIiB4bWxucz0iaHR0cDovL3d3dy53My5vcmcvMjAwMC9zdmciPjwvc3ZnPg==\" style=\"--smush-placeholder-width: 1024px; --smush-placeholder-aspect-ratio: 1024\/1024;\">\n<\/div><\/div><div class=\"bde-columns-278-169 bde-columns\"><div class=\"bde-column-278-173 bde-column\">\n  \n  \n\t\n\n\n\n<img decoding=\"async\" class=\"bde-image2-278-198 bde-image2 lazyload\" data-src=\"https:\/\/arai.la\/wp-content\/uploads\/2025\/10\/3cmb.jpg\" data-sizes=\"(max-width: 1024px) 100vw, 1024px\" src=\"data:image\/svg+xml;base64,PHN2ZyB3aWR0aD0iMSIgaGVpZ2h0PSIxIiB4bWxucz0iaHR0cDovL3d3dy53My5vcmcvMjAwMC9zdmciPjwvc3ZnPg==\" style=\"--smush-placeholder-width: 1024px; --smush-placeholder-aspect-ratio: 1024\/880;\">\n<\/div><div class=\"bde-column-278-170 bde-column\">\n  \n  \n\t\n\n\n\n<div class=\"bde-rich-text-278-171 bde-rich-text breakdance-rich-text-styles\">\n<h2><span class=\"brand-blue\">Dise\u00f1o<\/span> que se adapta a tu espacio:<\/h2>\n<\/div><div class=\"bde-rich-text-278-172 bde-rich-text breakdance-rich-text-styles\">\n<p>Its compact design blends discreetly into any desk, whether at the office or at home, providing a powerful solution that doesn't sacrifice performance for space. It's the ideal choice for those seeking a minimalist solution without unnecessary cables.<\/p>\n<\/div>\n<\/div><\/div>\n  <\/div>\n<\/div>\n\n<\/div><div class=\"bde-advanced-tabs-content-278-175 bde-advanced-tabs-content\">\n<div tabindex=\"0\" role=\"tabpanel\" class=\"bde-tabs__panel js-panel\" id=\"\" aria-labelledby=\"\">\n  <div class=\"bde-tabs__panel-content\">\n    <div class=\"bde-code-block-278-194 bde-code-block\">\n\n  <style>\n        .specs-table {\n            width: 100%;\n            border-collapse: collapse;\n        }\n        .specs-table th, .specs-table td {\n            padding: 10px;\n            border: 1px solid #ddd;\n            text-align: left;\n        }\n        .specs-table th {\n            background-color: #f2f2f2;\n            color: #13477c;\n            font-weight: 600;\n        }\n        .specs-table td:first-child {\n            color: #13477c;\n            font-weight: 500;\n        }\n        .specs-table tr:nth-child(even) {\n            background-color: #f9f9f9;\n        }\n    <\/style>\n      \n<body>\n\n    <table class=\"specs-table\">\n        <tbody>\n            <tr>\n                <td>Sistema operativo<\/td>\n                <td>Chrome OS Est\u00e1ndar\/Enterprise<\/td>\n            <\/tr>\n            <tr>\n                <td>Processor<\/td>\n                <td>Intel i3-10110U<\/td>\n            <\/tr>\n            <tr>\n                <td>Gr\u00e1ficos<\/td>\n                <td>Integrados Intel HD<\/td>\n            <\/tr>\n            <tr>\n                <td>Memoria RAM<\/td>\n                <td>8GB DDR4 (Ampliable a 16GB)<\/td>\n            <\/tr>\n            <tr>\n                <td>Storage<\/td>\n                <td>128GB NVMe PCIe SSD<\/td>\n            <\/tr>\n            <tr>\n                <td>Conectividad inal\u00e1mbrica<\/td>\n                <td>Wi-Fi 6 y Bluetooth 5.2<\/td>\n            <\/tr>\n            <tr>\n                <td>Red cableada<\/td>\n                <td>Ethernet Gigabit (10\/100\/1000 Mbps)<\/td>\n            <\/tr>\n            <tr>\n                <td>Puertos Frontales \/ Laterales<\/td>\n                <td>\n                    <ul>\n                        <li>2x USB-A 3.2 Gen2 (con carga r\u00e1pida)<\/li>\n                        <li>Lector micro-SD<\/li>\n                        <li>Conector de audio 3.5mm<\/li>\n                        <li>Bot\u00f3n de encendido<\/li>\n                    <\/ul>\n                <\/td>\n            <\/tr>\n            <tr>\n                <td>Puertos Traseros<\/td>\n                <td>\n                    <ul>\n                        <li>2x USB-A 3.2 Gen2<\/li>\n                        <li>1x USB-C 3.2 Gen1 (con DisplayPort 1.4 y Power Delivery)<\/li>\n                        <li>2x HDMI 2.1 (hasta 4K@60Hz)<\/li>\n                        <li>1x RJ-45 LAN<\/li>\n                        <li>Kensington Lock<\/li>\n                        <li>Bot\u00f3n de recuperaci\u00f3n<\/li>\n                    <\/ul>\n                <\/td>\n            <\/tr>\n        <\/tbody>\n    <\/table>\n\n<\/body>\n\n\n<\/div>\n  <\/div>\n<\/div>\n\n<\/div><div class=\"bde-advanced-tabs-content-278-199 bde-advanced-tabs-content\">\n<div tabindex=\"0\" role=\"tabpanel\" class=\"bde-tabs__panel js-panel\" id=\"\" aria-labelledby=\"\">\n  <div class=\"bde-tabs__panel-content\">\n    <div class=\"bde-button-278-200 bde-button\">\n    \n                                    \n    \n    \n    \n    \n            \n                    \n            \n            \n\n    \n    \n    \n    \n    \n    <a class=\"breakdance-link button-atom button-atom--custom bde-button__button\" href=\"https:\/\/arai.la\/wp-content\/uploads\/2026\/03\/FOLLETO-ARAI-NEBULA-i3-Comp-.pdf\" target=\"_self\" data-type=\"url\"  >\n\n    \n        <span class=\"button-atom__text\">Download pdf brochure<\/span>\n\n                            \n        \n                <\/a>\n\n    \n\n\n<\/div>\n  <\/div>\n<\/div>\n\n<\/div>\n<\/div>\n\n\n<\/div><\/div>\n<\/section>","protected":false},"excerpt":{"rendered":"<p>Arai Nebula BX1 &#8211; Chromebook Corporativa Potencia de Escritorio Compacta, Descubre la Arai Nebula BX1 Chromebox. \u00bfNecesitas una soluci\u00f3n de escritorio potente pero compacta? La Arai Nebula BX1 es la respuesta. Con sus componentes internos orientados al rendimiento constante, puede soportar m\u00faltiples monitores, se\u00f1alizaci\u00f3n digital o entornos de escritorio exigentes. Ver video \u00bfNecesitas una soluci\u00f3n [&hellip;]<\/p>","protected":false},"author":1,"featured_media":0,"parent":0,"menu_order":0,"comment_status":"closed","ping_status":"closed","template":"","meta":{"_breakdance_hide_in_design_set":false,"_breakdance_tags":"","footnotes":""},"class_list":["post-278","page","type-page","status-publish","hentry"],"_links":{"self":[{"href":"https:\/\/arai.la\/en\/wp-json\/wp\/v2\/pages\/278","targetHints":{"allow":["GET"]}}],"collection":[{"href":"https:\/\/arai.la\/en\/wp-json\/wp\/v2\/pages"}],"about":[{"href":"https:\/\/arai.la\/en\/wp-json\/wp\/v2\/types\/page"}],"author":[{"embeddable":true,"href":"https:\/\/arai.la\/en\/wp-json\/wp\/v2\/users\/1"}],"replies":[{"embeddable":true,"href":"https:\/\/arai.la\/en\/wp-json\/wp\/v2\/comments?post=278"}],"version-history":[{"count":14,"href":"https:\/\/arai.la\/en\/wp-json\/wp\/v2\/pages\/278\/revisions"}],"predecessor-version":[{"id":703,"href":"https:\/\/arai.la\/en\/wp-json\/wp\/v2\/pages\/278\/revisions\/703"}],"wp:attachment":[{"href":"https:\/\/arai.la\/en\/wp-json\/wp\/v2\/media?parent=278"}],"curies":[{"name":"wp","href":"https:\/\/api.w.org\/{rel}","templated":true}]}}