{"id":213,"date":"2025-10-16T21:18:36","date_gmt":"2025-10-16T19:18:36","guid":{"rendered":"https:\/\/arai.la\/?page_id=213"},"modified":"2025-11-05T15:57:08","modified_gmt":"2025-11-05T14:57:08","slug":"negocios","status":"publish","type":"page","link":"https:\/\/arai.la\/en\/negocios\/","title":{"rendered":"Business"},"content":{"rendered":"<section class=\"bde-section-213-100 bde-section hero-section\">\n  \n  \n\t\n\n\n\n<div class=\"section-container\"><div class=\"bde-div-213-103 bde-div fake-container\">\n  \n  \n\t\n\n\n\n<div class=\"bde-advancedslider-213-105 bde-advancedslider\">\n<div class=\"breakdance-swiper-wrapper\" data-swiper-id=\"105\">\n  <div class=\"swiper\">\n    <div class=\"swiper-wrapper\">\n      <div class=\"bde-advancedslide-213-106 bde-advancedslide swiper-slide\">\n<div class=\"advanced-slider__slide\">\n  <div class=\"bde-rich-text-213-245 bde-rich-text breakdance-rich-text-styles\">\n<p><span class=\"brand-blue\">Arai<\/span> for Business\u00a0<\/p>\n<\/div><div class=\"bde-rich-text-213-104 bde-rich-text breakdance-rich-text-styles\">\n<h1 class=\"h1\">More than hardware, <span class=\"brand-green\">solutions<\/span> <br>that grow with your company<\/h1>\n<\/div><img decoding=\"async\" class=\"bde-image2-213-116 bde-image2 lazyload\" data-src=\"https:\/\/arai.la\/wp-content\/uploads\/2025\/10\/paranegocios.png\" data-sizes=\"(max-width: 1141px) 100vw, 1141px\" src=\"data:image\/svg+xml;base64,PHN2ZyB3aWR0aD0iMSIgaGVpZ2h0PSIxIiB4bWxucz0iaHR0cDovL3d3dy53My5vcmcvMjAwMC9zdmciPjwvc3ZnPg==\" style=\"--smush-placeholder-width: 1141px; --smush-placeholder-aspect-ratio: 1141\/543;\"><div class=\"bde-div-213-118 bde-div\">\n  \n  \n\t\n\n\n\n<div class=\"bde-rich-text-213-242 bde-rich-text breakdance-rich-text-styles\">\n<p>Our Chromebooks <span class=\"brand-blue semibold\">Arai<\/span> combine Google's technology with our comprehensive <span class=\"brand-green semibold\">flexibility<\/span> to meet your needs for configuration, delivery, warranty and more. Give your employees the <span class=\"brand-blue semibold\">performance and safety<\/span> they need to focus on what really matters.<\/p>\n<\/div>\n<\/div>\n<\/div>\n<\/div>\n    <\/div>\n  <\/div>\n\n              <div class=\"swiper-button-prev\">\n            \n        <\/div>\n        <div class=\"swiper-button-next\">\n            \n        <\/div>\n    \n            <div class=\"swiper-pagination\"><\/div>\n    \n<\/div>\n\n<\/div>\n<\/div><div class=\"bde-div-213-102 bde-div\">\n  \n  \n\t\n\n\n\n\n<\/div><div class=\"bde-div-213-101 bde-div\">\n  \n  \n\t\n\n\n\n\n<\/div><\/div>\n<\/section><section class=\"bde-section-213-188 bde-section\">\n  \n  \n\t\n\n\n\n<div class=\"section-container\"><div class=\"bde-rich-text-213-248 bde-rich-text breakdance-rich-text-styles\">\n<h2>Why choose <span class=\"brand-blue\">Arai?<\/span><\/h2>\n<\/div><div class=\"bde-div-213-189 bde-div latinocard\">\n  \n  \n\t\n\n\n\n<div class=\"bde-columns-213-190 bde-columns\"><div class=\"bde-column-213-191 bde-column\">\n  \n  \n\t\n\n\n\n<h2 class=\"bde-heading-213-193 bde-heading\">\nLatin American model\n<\/h2><div class=\"bde-rich-text-213-194 bde-rich-text breakdance-rich-text-styles\">\n<p>We are more than a brand; we are strategic partners. We are intimately familiar with the business cycles in Latin America. That's why we are dedicated to building strong relationships and closing successful deals, without the pressure of quarterly closings or quarterly quotas.<\/p>\n<\/div>\n<\/div><div class=\"bde-column-213-192 bde-column\">\n  \n  \n\t\n\n\n\n\n<\/div><\/div>\n<\/div><\/div>\n<\/section><section class=\"bde-section-213-203 bde-section\">\n  \n  \n\t\n\n\n\n<div class=\"section-container\"><div class=\"bde-columns-213-205 bde-columns\"><div class=\"bde-column-213-206 bde-column\">\n  \n  \n\t\n\n\n\n<div class=\"bde-div-213-208 bde-div\">\n  \n  \n\t\n\n\n\n<img decoding=\"async\" class=\"bde-image2-213-209 bde-image2 lazyload\" data-src=\"https:\/\/arai.la\/wp-content\/uploads\/2025\/10\/versatilidad.png\" data-sizes=\"(max-width: 1069px) 100vw, 1069px\" src=\"data:image\/svg+xml;base64,PHN2ZyB3aWR0aD0iMSIgaGVpZ2h0PSIxIiB4bWxucz0iaHR0cDovL3d3dy53My5vcmcvMjAwMC9zdmciPjwvc3ZnPg==\" style=\"--smush-placeholder-width: 1069px; --smush-placeholder-aspect-ratio: 1069\/310;\"><h4 class=\"bde-heading-213-214 bde-heading\">\nVersatility\n<\/h4><div class=\"bde-text-213-215 bde-text\">\nWe adapt to the needs of each company, offering Chromebooks with various features and complementary solutions, ensuring your employees all the right tools for any challenge.\n<\/div>\n<\/div>\n<\/div><div class=\"bde-column-213-207 bde-column\">\n  \n  \n\t\n\n\n\n<div class=\"bde-div-213-212 bde-div\">\n  \n  \n\t\n\n\n\n<div class=\"bde-div-213-216 bde-div\">\n  \n  \n\t\n\n\n\n<h4 class=\"bde-heading-213-210 bde-heading\">\nFlexibility\n<\/h4><div class=\"bde-text-213-211 bde-text\">\nWe offer the possibility of identifying your brand for projects of any size, allowing you to project your image without the high demands of the traditional market.<br>\n<\/div>\n<\/div>\n<\/div><div class=\"bde-div-213-222 bde-div\">\n  \n  \n\t\n\n\n\n<div class=\"bde-div-213-217 bde-div\">\n  \n  \n\t\n\n\n\n\n<\/div><div class=\"bde-div-213-223 bde-div\">\n  \n  \n\t\n\n\n\n\n<\/div>\n<\/div>\n<\/div><\/div><div class=\"bde-columns-213-224 bde-columns\"><div class=\"bde-column-213-230 bde-column\">\n  \n  \n\t\n\n\n\n<div class=\"bde-div-213-231 bde-div\">\n  \n  \n\t\n\n\n\n<div class=\"bde-div-213-233 bde-div\">\n  \n  \n\t\n\n\n\n<h4 class=\"bde-heading-213-234 bde-heading\">\nInternational certifications\n<\/h4><div class=\"bde-text-213-235 bde-text\">\nOur Arai Chromebooks have the same international certifications and approvals as leading global brands. In addition, all our components are standard, guaranteeing stable and durable technology.\n<\/div>\n<\/div>\n<\/div><div class=\"bde-div-213-236 bde-div\">\n  \n  \n\t\n\n\n\n<div class=\"bde-div-213-237 bde-div\">\n  \n  \n\t\n\n\n\n\n<\/div><div class=\"bde-div-213-238 bde-div\">\n  \n  \n\t\n\n\n\n\n<\/div>\n<\/div>\n<\/div><div class=\"bde-column-213-225 bde-column\">\n  \n  \n\t\n\n\n\n<div class=\"bde-div-213-226 bde-div\">\n  \n  \n\t\n\n\n\n<img decoding=\"async\" class=\"bde-image2-213-227 bde-image2 lazyload\" data-src=\"https:\/\/arai.la\/wp-content\/uploads\/2025\/11\/googleenterprise.png\" data-srcset=\"https:\/\/arai.la\/wp-content\/uploads\/2025\/11\/googleenterprise.png 1167w, https:\/\/arai.la\/wp-content\/uploads\/2025\/11\/googleenterprise-300x205.png 300w, https:\/\/arai.la\/wp-content\/uploads\/2025\/11\/googleenterprise-1024x700.png 1024w, https:\/\/arai.la\/wp-content\/uploads\/2025\/11\/googleenterprise-768x525.png 768w, https:\/\/arai.la\/wp-content\/uploads\/2025\/11\/googleenterprise-18x12.png 18w\" data-sizes=\"(max-width: 1167px) 100vw, 1167px\" src=\"data:image\/svg+xml;base64,PHN2ZyB3aWR0aD0iMSIgaGVpZ2h0PSIxIiB4bWxucz0iaHR0cDovL3d3dy53My5vcmcvMjAwMC9zdmciPjwvc3ZnPg==\" style=\"--smush-placeholder-width: 1167px; --smush-placeholder-aspect-ratio: 1167\/798;\"><h4 class=\"bde-heading-213-228 bde-heading\">\nLicencia perpetua integrada\n<\/h4><div class=\"bde-text-213-229 bde-text\">\nWe offer the option to purchase a perpetual Chrome Enterprise Upgrade license so you can manage your devices from the Google console, optimizing your long-term investment and eliminating renewal costs through a one-time payment.\n<\/div>\n<\/div>\n<\/div><\/div><\/div>\n<\/section><section class=\"bde-section-213-239 bde-section\">\n  \n  \n\t\n\n\n\n<div class=\"section-container\"><div class=\"bde-div-213-240 bde-div\">\n  \n  \n\t\n\n\n\n<div class=\"bde-rich-text-213-241 bde-rich-text breakdance-rich-text-styles\">\n<h2 class=\"h1\">Do you need help from <span class=\"brand-blue\">Experts<\/span>?<\/h2>\n<\/div><div class=\"bde-rich-text-213-117 bde-rich-text breakdance-rich-text-styles\">\n<p>You can do a lot with ARAI equipment powered by ChromeOS. Let our sales team help you figure out if it's the right choice for your business.<\/p>\n<\/div><div class=\"bde-button-213-119 bde-button vertical-gradient-hover\">\n    \n                                    \n    \n    \n    \n    \n            \n            <button type=\"button\" class=\"button-atom button-atom--primary bde-button__button\"  >\n    \n        <span class=\"button-atom__text\">Communicate with sales<\/span>\n\n        \n        \n            <\/button>\n    \n\n\n<\/div>\n<\/div><\/div>\n<\/section>","protected":false},"excerpt":{"rendered":"<p>Arai para Negocios\u00a0 M\u00e1s que hardware, soluciones \u2028que crecen con su empresa Nuestras Chromebooks Arai combinan la tecnolog\u00eda de Google con nuestra completa flexibilidad para adaptarnos a sus necesidades de configuraci\u00f3n, entrega, garant\u00eda y m\u00e1s. Dele a sus colaboradores el rendimiento y seguridad que necesitan para enfocarse en lo que realmente importa. \u00bfPor qu\u00e9 elegir [&hellip;]<\/p>","protected":false},"author":1,"featured_media":0,"parent":0,"menu_order":0,"comment_status":"closed","ping_status":"closed","template":"","meta":{"_breakdance_hide_in_design_set":false,"_breakdance_tags":"","footnotes":""},"class_list":["post-213","page","type-page","status-publish","hentry"],"_links":{"self":[{"href":"https:\/\/arai.la\/en\/wp-json\/wp\/v2\/pages\/213","targetHints":{"allow":["GET"]}}],"collection":[{"href":"https:\/\/arai.la\/en\/wp-json\/wp\/v2\/pages"}],"about":[{"href":"https:\/\/arai.la\/en\/wp-json\/wp\/v2\/types\/page"}],"author":[{"embeddable":true,"href":"https:\/\/arai.la\/en\/wp-json\/wp\/v2\/users\/1"}],"replies":[{"embeddable":true,"href":"https:\/\/arai.la\/en\/wp-json\/wp\/v2\/comments?post=213"}],"version-history":[{"count":22,"href":"https:\/\/arai.la\/en\/wp-json\/wp\/v2\/pages\/213\/revisions"}],"predecessor-version":[{"id":441,"href":"https:\/\/arai.la\/en\/wp-json\/wp\/v2\/pages\/213\/revisions\/441"}],"wp:attachment":[{"href":"https:\/\/arai.la\/en\/wp-json\/wp\/v2\/media?parent=213"}],"curies":[{"name":"wp","href":"https:\/\/api.w.org\/{rel}","templated":true}]}}