{"id":161,"date":"2025-10-06T14:34:17","date_gmt":"2025-10-06T12:34:17","guid":{"rendered":"https:\/\/arai.la\/?page_id=161"},"modified":"2026-03-19T11:20:20","modified_gmt":"2026-03-19T14:20:20","slug":"arai-nimbus","status":"publish","type":"page","link":"https:\/\/arai.la\/en\/arai-nimbus\/","title":{"rendered":"Arai Nimbus"},"content":{"rendered":"<section class=\"bde-section-161-100 bde-section hero-section\">\n  \n  \n\t\n\n\n\n<div class=\"section-container\"><div class=\"bde-div-161-101 bde-div fake-container\">\n  \n  \n\t\n\n\n\n<div class=\"bde-rich-text-161-104 bde-rich-text breakdance-rich-text-styles\">\n<p><span class=\"brand-blue\">Arai Nimbus S1<\/span> Chromebook Enterprise - 14\" Corporate Chromebook\"\u00a0<\/p>\n<\/div><div class=\"bde-rich-text-161-126 bde-rich-text breakdance-rich-text-styles\">\n<h1 class=\"h1\">Power the <span class=\"brand-green\">Productivity<\/span> and <br>\n<span class=\"brand-blue\">Security<\/span> of your company with Arai\n<\/h1>\n<\/div><img decoding=\"async\" class=\"bde-image2-161-125 bde-image2 lazyload\" data-src=\"https:\/\/arai.la\/wp-content\/uploads\/2025\/10\/arainimbuspng.png\" data-sizes=\"(max-width: 720px) 100vw, 720px\" src=\"data:image\/svg+xml;base64,PHN2ZyB3aWR0aD0iMSIgaGVpZ2h0PSIxIiB4bWxucz0iaHR0cDovL3d3dy53My5vcmcvMjAwMC9zdmciPjwvc3ZnPg==\" style=\"--smush-placeholder-width: 720px; --smush-placeholder-aspect-ratio: 720\/520;\"><div class=\"bde-div-161-127 bde-div\">\n  \n  \n\t\n\n\n\n<div class=\"bde-rich-text-161-128 bde-rich-text breakdance-rich-text-styles\">\n<p>The perfect combination of a lightweight <span class=\"brand-green semibold\">high performance<\/span> with a <span class=\"brand-blue semibold\">maximum security<\/span> and rugged design. Ideal for everyday tasks such as surfing the Internet, using email, working with documents in the cloud or video conferencing. <\/p>\n\n<\/div>\n<\/div>\n<\/div><div class=\"bde-div-161-116 bde-div\">\n  \n  \n\t\n\n\n\n\n<\/div><\/div>\n<\/section><section class=\"bde-section-161-129 bde-section\">\n  \n  \n\t\n\n\n\n<div class=\"section-container\"><div class=\"bde-advanced-tabs-161-130 bde-advanced-tabs\">\n\n\n        \n  \n  \n  <div class=\"bde-tabs__tabslist-container bde-tabs__tabslist-container--scrollable is-horizontal js-tabs-container\">\n    <div class=\"bde-tabs__tabslist bde-tabs__tabslist--tabs js-tablist\" role=\"tablist\" aria-label=\"Content tabs\" aria-orientation=\"horizontal\" data-tabs-id=\"bde-advanced-tabs-161-130\">\n      \n              <button role=\"tab\" aria-selected=\"false\" class=\"bde-tabs__tab js-tab\" aria-controls=\"tab-panel-bde-advanced-tabs-161-130-1\" id=\"tab-bde-advanced-tabs-161-130-1\" data-value=\"1\">\n                    <span class=\"bde-tabs__tab-title\">Features<\/span>\n        <\/button>\n              <button role=\"tab\" aria-selected=\"false\" class=\"bde-tabs__tab js-tab\" aria-controls=\"tab-panel-bde-advanced-tabs-161-130-2\" id=\"tab-bde-advanced-tabs-161-130-2\" data-value=\"2\">\n                    <span class=\"bde-tabs__tab-title\">Technical Specifications<\/span>\n        <\/button>\n              <button role=\"tab\" aria-selected=\"false\" class=\"bde-tabs__tab js-tab\" aria-controls=\"tab-panel-bde-advanced-tabs-161-130-3\" id=\"tab-bde-advanced-tabs-161-130-3\" data-value=\"3\">\n                    <span class=\"bde-tabs__tab-title\">Brochure<\/span>\n        <\/button>\n          <\/div>\n  <\/div>\n\n<div class=\"bde-tabs-content-container\">\n  <div class=\"bde-advanced-tabs-content-161-131 bde-advanced-tabs-content\">\n<div tabindex=\"0\" role=\"tabpanel\" class=\"bde-tabs__panel js-panel\" id=\"\" aria-labelledby=\"\">\n  <div class=\"bde-tabs__panel-content\">\n    <div class=\"bde-columns-161-157 bde-columns\"><div class=\"bde-column-161-158 bde-column\">\n  \n  \n\t\n\n\n\n<img decoding=\"async\" class=\"bde-image2-161-160 bde-image2 lazyload\" data-src=\"https:\/\/arai.la\/wp-content\/uploads\/2025\/10\/productividad3.png\" data-sizes=\"(max-width: 1024px) 100vw, 1024px\" src=\"data:image\/svg+xml;base64,PHN2ZyB3aWR0aD0iMSIgaGVpZ2h0PSIxIiB4bWxucz0iaHR0cDovL3d3dy53My5vcmcvMjAwMC9zdmciPjwvc3ZnPg==\" style=\"--smush-placeholder-width: 1024px; --smush-placeholder-aspect-ratio: 1024\/1024;\">\n<\/div><div class=\"bde-column-161-159 bde-column\">\n  \n  \n\t\n\n\n\n<div class=\"bde-rich-text-161-161 bde-rich-text breakdance-rich-text-styles\">\n<h2><span class=\"brand-blue\">Productivity<\/span> in a single ecosystem<\/h2>\n<\/div><div class=\"bde-rich-text-161-162 bde-rich-text breakdance-rich-text-styles\">\n<p>With native Google Workspace integration, your team will have instant access to all the tools they need to collaborate, create and communicate, such as Gmail, Docs, Sheets, and Drive.<\/p>\n<\/div>\n<\/div><\/div><div class=\"bde-columns-161-163 bde-columns\"><div class=\"bde-column-161-166 bde-column\">\n  \n  \n\t\n\n\n\n<div class=\"bde-rich-text-161-167 bde-rich-text breakdance-rich-text-styles\">\n<h2><span class=\"brand-green\">Security<\/span> advanced integrated<\/h2>\n<\/div><div class=\"bde-rich-text-161-168 bde-rich-text breakdance-rich-text-styles\">\n<p>With the Titan C chip, your data is always protected, without the need for complicated configurations or additional licenses, while the ChromeOS system has not had any successful virus attacks to date.<\/p>\n<\/div>\n<\/div><div class=\"bde-column-161-164 bde-column\">\n  \n  \n\t\n\n\n\n<img decoding=\"async\" class=\"bde-image2-161-165 bde-image2 lazyload\" data-src=\"https:\/\/arai.la\/wp-content\/uploads\/2025\/10\/g.png\" data-sizes=\"(max-width: 600px) 100vw, 600px\" src=\"data:image\/svg+xml;base64,PHN2ZyB3aWR0aD0iMSIgaGVpZ2h0PSIxIiB4bWxucz0iaHR0cDovL3d3dy53My5vcmcvMjAwMC9zdmciPjwvc3ZnPg==\" style=\"--smush-placeholder-width: 600px; --smush-placeholder-aspect-ratio: 600\/531;\">\n<\/div><\/div><div class=\"bde-columns-161-169 bde-columns\"><div class=\"bde-column-161-173 bde-column\">\n  \n  \n\t\n\n\n\n<img decoding=\"async\" class=\"bde-image2-161-174 bde-image2 lazyload\" data-src=\"https:\/\/arai.la\/wp-content\/uploads\/2025\/10\/araibateriaduradera.png\" data-sizes=\"(max-width: 593px) 100vw, 593px\" src=\"data:image\/svg+xml;base64,PHN2ZyB3aWR0aD0iMSIgaGVpZ2h0PSIxIiB4bWxucz0iaHR0cDovL3d3dy53My5vcmcvMjAwMC9zdmciPjwvc3ZnPg==\" style=\"--smush-placeholder-width: 593px; --smush-placeholder-aspect-ratio: 593\/493;\">\n<\/div><div class=\"bde-column-161-170 bde-column\">\n  \n  \n\t\n\n\n\n<div class=\"bde-rich-text-161-171 bde-rich-text breakdance-rich-text-styles\">\n<h2>Battery of <span class=\"brand-blue\">long duration:<\/span><\/h2>\n<\/div><div class=\"bde-rich-text-161-172 bde-rich-text breakdance-rich-text-styles\">\n<p>One of the biggest advantages of our Chromebooks is that they won't leave you in the middle of the road. Your team can work, study and collaborate all day long, without needing to be tethered to a power outlet.<\/p>\n<\/div>\n<\/div><\/div>\n  <\/div>\n<\/div>\n\n<\/div><div class=\"bde-advanced-tabs-content-161-175 bde-advanced-tabs-content\">\n<div tabindex=\"0\" role=\"tabpanel\" class=\"bde-tabs__panel js-panel\" id=\"\" aria-labelledby=\"\">\n  <div class=\"bde-tabs__panel-content\">\n    <div class=\"bde-code-block-161-194 bde-code-block\">\n\n      <style>\n        .specs-table {\n            width: 100%;\n            border-collapse: collapse;\n            \n        }\n        .specs-table th, .specs-table td {\n            padding: 10px;\n            border: 1px solid #ddd;\n            text-align: left;\n        }\n        .specs-table th {\n            background-color: #f2f2f2;\n            color: #13477c;\n            font-weight: 600;\n        }\n        .specs-table td:first-child {\n            color: #13477c;\n            font-weight: 500;\n        }\n        .specs-table tr:nth-child(even) {\n            background-color: #f9f9f9;\n        }\n    <\/style>\n\n\n\n    <table class=\"specs-table\">\n       \n        <tbody>\n            <tr>\n                <td>Processor<\/td>\n                <td>Intel\u00ae Celeron\u00ae DC N6000<\/td>\n            <\/tr>\n            <tr>\n                <td>Graphic<\/td>\n                <td>Intel\u00ae UHD Graphics<\/td>\n            <\/tr>\n            <tr>\n                <td>Display<\/td>\n                <td>FHD (1920 x 1080), 180\u00b0 Bezel<\/td>\n            <\/tr>\n            <tr>\n                <td>Memory<\/td>\n                <td>8GB LPDDR4 (integrated)<\/td>\n            <\/tr>\n            <tr>\n                <td>Storage<\/td>\n                <td>128GB eMMC (embedded)<\/td>\n            <\/tr>\n            <tr>\n                <td>Operating System<\/td>\n                <td>ChromeOS Enterprise<\/td>\n            <\/tr>\n            <tr>\n                <td>Ports<\/td>\n                <td>2x USB-C 3.1 Gen1 (with PD, DP), 1x USB 3.1 Gen1 Type A, 1x Micro SD Card Reader, 1x Combo Audio Jack<\/td>\n            <\/tr>\n            <tr>\n                <td>Networks<\/td>\n                <td>BT (Combo with WLAN board), Integrated.<\/td>\n            <\/tr>\n            <tr>\n                <td>Battery<\/td>\n                <td>Built-in Polymer Battery, Capacity 50Wh 3S1P 11.55V<\/td>\n            <\/tr>\n            <tr>\n                <td>Adapter<\/td>\n                <td>45W (Type C)<\/td>\n            <\/tr>\n            <tr>\n                <td>Card Reader<\/td>\n                <td>Micro-SD card reader<\/td>\n            <\/tr>\n            <tr>\n                <td>Dimensions and weight<\/td>\n                <td>326.5mm x 229.0mm x 18.8mm, &lt; 1.65kg<\/td>\n            <\/tr>\n            <tr>\n                <td>Security<\/td>\n                <td>Titan C security chip.<\/td>\n            <\/tr>\n            <tr>\n                <td>Camera<\/td>\n                <td>HD 720p, Front<\/td>\n            <\/tr>\n            <tr>\n                <td>Keyboard<\/td>\n                <td>In Spanish.<\/td>\n            <\/tr>\n        <\/tbody>\n    <\/table>\n\n\n\n\n<\/div>\n  <\/div>\n<\/div>\n\n<\/div><div class=\"bde-advanced-tabs-content-161-195 bde-advanced-tabs-content\">\n<div tabindex=\"0\" role=\"tabpanel\" class=\"bde-tabs__panel js-panel\" id=\"\" aria-labelledby=\"\">\n  <div class=\"bde-tabs__panel-content\">\n    <div class=\"bde-button-161-197 bde-button\">\n    \n                                    \n    \n    \n    \n    \n            \n                    \n            \n            \n\n    \n    \n    \n    \n    \n    <a class=\"breakdance-link button-atom button-atom--custom bde-button__button\" href=\"https:\/\/arai.la\/wp-content\/uploads\/2026\/03\/ARAI-NIBUS-S1-Comp.pdf\" target=\"_blank\" data-type=\"url\"  >\n\n    \n        <span class=\"button-atom__text\">Download pdf brochure<\/span>\n\n                            \n        \n                <\/a>\n\n    \n\n\n<\/div>\n  <\/div>\n<\/div>\n\n<\/div>\n<\/div>\n\n\n<\/div><\/div>\n<\/section>","protected":false},"excerpt":{"rendered":"<p>Arai Nimbus S1 Chromebook Enterprise &#8211; Chromebook Corporativa 14&#8243;\u00a0 Potencia la Productividad y Seguridad de tu empresa con Arai La combinaci\u00f3n perfecta de un sistema ligero de alto rendimiento con una m\u00e1xima seguridad y dise\u00f1o resistente. Ideal para tareas cotidianas como navegar por internet, usar correo electr\u00f3nico, trabajar con documentos en la nube o realizar [&hellip;]<\/p>","protected":false},"author":1,"featured_media":0,"parent":0,"menu_order":0,"comment_status":"closed","ping_status":"closed","template":"","meta":{"_breakdance_hide_in_design_set":false,"_breakdance_tags":"","footnotes":""},"class_list":["post-161","page","type-page","status-publish","hentry"],"_links":{"self":[{"href":"https:\/\/arai.la\/en\/wp-json\/wp\/v2\/pages\/161","targetHints":{"allow":["GET"]}}],"collection":[{"href":"https:\/\/arai.la\/en\/wp-json\/wp\/v2\/pages"}],"about":[{"href":"https:\/\/arai.la\/en\/wp-json\/wp\/v2\/types\/page"}],"author":[{"embeddable":true,"href":"https:\/\/arai.la\/en\/wp-json\/wp\/v2\/users\/1"}],"replies":[{"embeddable":true,"href":"https:\/\/arai.la\/en\/wp-json\/wp\/v2\/comments?post=161"}],"version-history":[{"count":39,"href":"https:\/\/arai.la\/en\/wp-json\/wp\/v2\/pages\/161\/revisions"}],"predecessor-version":[{"id":674,"href":"https:\/\/arai.la\/en\/wp-json\/wp\/v2\/pages\/161\/revisions\/674"}],"wp:attachment":[{"href":"https:\/\/arai.la\/en\/wp-json\/wp\/v2\/media?parent=161"}],"curies":[{"name":"wp","href":"https:\/\/api.w.org\/{rel}","templated":true}]}}